{"id":14673,"date":"2021-10-28T15:48:03","date_gmt":"2021-10-28T13:48:05","guid":{"rendered":"https:\/\/www.blaas.it\/?post_type=product&#038;p=14673"},"modified":"2021-10-28T15:51:32","modified_gmt":"2021-10-28T13:51:32","slug":"impianto-per-pulizia-facciate-levi-qleen-profi","status":"publish","type":"product","link":"https:\/\/www.blaas.it\/it\/prodotto\/noleggio\/lavasuperfici\/impianto-per-pulizia-facciate-levi-qleen-profi\/","title":{"rendered":"Impianto per pulizia facciate Levi Qleen Profi"},"content":{"rendered":"","protected":false},"excerpt":{"rendered":"<h3>da 58,00\u20ac al giorno<\/h3>\n<ul>\n<li>optimal zur regelm\u00e4\u00dfigen Reinigung von gro\u00dfen Fl\u00e4chen<\/li>\n<li>Arbeitsh\u00f6he bis ca. 21 Meter<\/li>\n<li>inkl. Stangensystem\u00a0mit Tragetasche<\/li>\n<li>vielerlei Zubeh\u00f6r zur professionellen Reinigung<\/li>\n<\/ul>\n","protected":false},"featured_media":14678,"template":"","meta":[],"product_cat":[5228],"product_tag":[],"brands":[{"id":145,"name":"Blaas","slug":"blaas-it"}],"yoast_head":"<!-- This site is optimized with the Yoast SEO plugin v16.5 - https:\/\/yoast.com\/wordpress\/plugins\/seo\/ -->\n<title>Impianto per pulizia facciate Levi Qleen Profi Blaas &bull; Lavasuperfici da Blaas<\/title>\n<meta name=\"description\" content=\"Impianto per pulizia facciate Levi Qleen Profi Lavasuperfici da Blaas. Prezzi migliori per prodottiBlaas! Blaas Impianto per pulizia facciate Levi Qleen Profi\" \/>\n<meta name=\"robots\" content=\"index, follow, max-snippet:-1, max-image-preview:large, max-video-preview:-1\" \/>\n<link rel=\"canonical\" href=\"https:\/\/www.blaas.it\/it\/prodotto\/noleggio\/lavasuperfici\/impianto-per-pulizia-facciate-levi-qleen-profi\/\" \/>\n<meta property=\"og:locale\" content=\"it_IT\" \/>\n<meta property=\"og:type\" content=\"article\" \/>\n<meta property=\"og:title\" content=\"Impianto per pulizia facciate Levi Qleen Profi Blaas &bull; Lavasuperfici da Blaas\" \/>\n<meta property=\"og:description\" content=\"Impianto per pulizia facciate Levi Qleen Profi Lavasuperfici da Blaas. Prezzi migliori per prodottiBlaas! Blaas Impianto per pulizia facciate Levi Qleen Profi\" \/>\n<meta property=\"og:url\" content=\"https:\/\/www.blaas.it\/it\/prodotto\/noleggio\/lavasuperfici\/impianto-per-pulizia-facciate-levi-qleen-profi\/\" \/>\n<meta property=\"og:site_name\" content=\"Blaas\" \/>\n<meta property=\"article:modified_time\" content=\"2021-10-28T13:51:32+00:00\" \/>\n<meta property=\"og:image\" content=\"https:\/\/www.blaas.it\/wp-content\/uploads\/2021\/10\/qleen.jpg\" \/>\n\t<meta property=\"og:image:width\" content=\"650\" \/>\n\t<meta property=\"og:image:height\" content=\"650\" \/>\n<meta name=\"twitter:card\" content=\"summary_large_image\" \/>\n<script type=\"application\/ld+json\" class=\"yoast-schema-graph\">{\"@context\":\"https:\/\/schema.org\",\"@graph\":[{\"@type\":\"Organization\",\"@id\":\"https:\/\/www.blaas.it\/#organization\",\"name\":\"Gebr. Blaas Gmbh\",\"url\":\"https:\/\/www.blaas.it\/\",\"sameAs\":[],\"logo\":{\"@type\":\"ImageObject\",\"@id\":\"https:\/\/www.blaas.it\/#logo\",\"inLanguage\":\"it-IT\",\"url\":\"https:\/\/www.blaas.it\/wp-content\/uploads\/2019\/03\/LOGOS_BLAAS.png\",\"contentUrl\":\"https:\/\/www.blaas.it\/wp-content\/uploads\/2019\/03\/LOGOS_BLAAS.png\",\"width\":1200,\"height\":411,\"caption\":\"Gebr. Blaas Gmbh\"},\"image\":{\"@id\":\"https:\/\/www.blaas.it\/#logo\"}},{\"@type\":\"WebSite\",\"@id\":\"https:\/\/www.blaas.it\/#website\",\"url\":\"https:\/\/www.blaas.it\/\",\"name\":\"Blaas\",\"description\":\"Per il cantiere\",\"publisher\":{\"@id\":\"https:\/\/www.blaas.it\/#organization\"},\"potentialAction\":[{\"@type\":\"SearchAction\",\"target\":\"https:\/\/www.blaas.it\/?s={search_term_string}\",\"query-input\":\"required name=search_term_string\"}],\"inLanguage\":\"it-IT\"},{\"@type\":\"ImageObject\",\"@id\":\"https:\/\/www.blaas.it\/it\/prodotto\/noleggio\/lavasuperfici\/impianto-per-pulizia-facciate-levi-qleen-profi\/#primaryimage\",\"inLanguage\":\"it-IT\",\"url\":\"https:\/\/www.blaas.it\/wp-content\/uploads\/2021\/10\/qleen.jpg\",\"contentUrl\":\"https:\/\/www.blaas.it\/wp-content\/uploads\/2021\/10\/qleen.jpg\",\"width\":650,\"height\":650},{\"@type\":\"WebPage\",\"@id\":\"https:\/\/www.blaas.it\/it\/prodotto\/noleggio\/lavasuperfici\/impianto-per-pulizia-facciate-levi-qleen-profi\/#webpage\",\"url\":\"https:\/\/www.blaas.it\/it\/prodotto\/noleggio\/lavasuperfici\/impianto-per-pulizia-facciate-levi-qleen-profi\/\",\"name\":\"Impianto per pulizia facciate Levi Qleen Profi Blaas &bull; Lavasuperfici da Blaas\",\"isPartOf\":{\"@id\":\"https:\/\/www.blaas.it\/#website\"},\"primaryImageOfPage\":{\"@id\":\"https:\/\/www.blaas.it\/it\/prodotto\/noleggio\/lavasuperfici\/impianto-per-pulizia-facciate-levi-qleen-profi\/#primaryimage\"},\"datePublished\":\"2021-10-28T13:48:05+00:00\",\"dateModified\":\"2021-10-28T13:51:32+00:00\",\"description\":\"Impianto per pulizia facciate Levi Qleen Profi Lavasuperfici da Blaas. Prezzi migliori per prodottiBlaas! Blaas Impianto per pulizia facciate Levi Qleen Profi\",\"breadcrumb\":{\"@id\":\"https:\/\/www.blaas.it\/it\/prodotto\/noleggio\/lavasuperfici\/impianto-per-pulizia-facciate-levi-qleen-profi\/#breadcrumb\"},\"inLanguage\":\"it-IT\",\"potentialAction\":[{\"@type\":\"ReadAction\",\"target\":[\"https:\/\/www.blaas.it\/it\/prodotto\/noleggio\/lavasuperfici\/impianto-per-pulizia-facciate-levi-qleen-profi\/\"]}]},{\"@type\":\"BreadcrumbList\",\"@id\":\"https:\/\/www.blaas.it\/it\/prodotto\/noleggio\/lavasuperfici\/impianto-per-pulizia-facciate-levi-qleen-profi\/#breadcrumb\",\"itemListElement\":[{\"@type\":\"ListItem\",\"position\":1,\"name\":\"Home\",\"item\":\"https:\/\/www.blaas.it\/it\/\"},{\"@type\":\"ListItem\",\"position\":2,\"name\":\"Prodotti\",\"item\":\"https:\/\/www.blaas.it\/produkte\/\"},{\"@type\":\"ListItem\",\"position\":3,\"name\":\"Noleggio macchine\",\"item\":\"https:\/\/www.blaas.it\/it\/prodotti\/noleggio\/\"},{\"@type\":\"ListItem\",\"position\":4,\"name\":\"Lavasuperfici\",\"item\":\"https:\/\/www.blaas.it\/it\/prodotti\/noleggio\/lavasuperfici\/\"},{\"@type\":\"ListItem\",\"position\":5,\"name\":\"Impianto per pulizia facciate Levi Qleen Profi\"}]}]}<\/script>\n<!-- \/ Yoast SEO plugin. -->","_links":{"self":[{"href":"https:\/\/www.blaas.it\/it\/wp-json\/wp\/v2\/product\/14673"}],"collection":[{"href":"https:\/\/www.blaas.it\/it\/wp-json\/wp\/v2\/product"}],"about":[{"href":"https:\/\/www.blaas.it\/it\/wp-json\/wp\/v2\/types\/product"}],"wp:featuredmedia":[{"embeddable":true,"href":"https:\/\/www.blaas.it\/it\/wp-json\/wp\/v2\/media\/14678"}],"wp:attachment":[{"href":"https:\/\/www.blaas.it\/it\/wp-json\/wp\/v2\/media?parent=14673"}],"wp:term":[{"taxonomy":"product_cat","embeddable":true,"href":"https:\/\/www.blaas.it\/it\/wp-json\/wp\/v2\/product_cat?post=14673"},{"taxonomy":"product_tag","embeddable":true,"href":"https:\/\/www.blaas.it\/it\/wp-json\/wp\/v2\/product_tag?post=14673"}],"curies":[{"name":"wp","href":"https:\/\/api.w.org\/{rel}","templated":true}]}}