{"id":17218,"date":"2022-12-11T13:14:28","date_gmt":"2022-12-11T12:14:32","guid":{"rendered":"https:\/\/www.blaas.it\/?post_type=product&#038;p=17218"},"modified":"2022-12-11T13:17:24","modified_gmt":"2022-12-11T12:17:24","slug":"pantaloni-artigiano-stretch-4-vie-x1900-blaklader","status":"publish","type":"product","link":"https:\/\/www.blaas.it\/it\/prodotto\/catalogo\/abbigliamento-e-sicurezza-lavoro\/abbigliamento-da-lavoro\/pantaloni\/pantaloni-artigiano-stretch-4-vie-x1900-blaklader\/","title":{"rendered":"Pantaloni artigiano stretch 4-vie X1900 Blaklader"},"content":{"rendered":"","protected":false},"excerpt":{"rendered":"<p>Confortevoli pantaloni da artigiano estremamente morbidi e flessibili con gambe affusolate. Il tessuto stretch 4-vie \u00e8 resistente e stretch in tutte le direzioni. Dettagli studiati attentamente come le pratiche tasche rinforzate. Le tasche per ginocchiere sono rinforzate in CORDURA\u00ae Stretch nella parte esterna mentre la parte interna \u00e8 realizzata in un leggero materiale stretch per migliorare la mobilit\u00e0. La parte interna del ginocchio \u00e8 realizzata in mesh stretch per una migliore traspirazione. La parte inferiore della gamba \u00e8 rinforzata per una migliore protezione<\/p>\n","protected":false},"featured_media":17229,"template":"","meta":[],"product_cat":[5992,4143],"product_tag":[],"brands":[{"id":4114,"name":"Blakl\u00e4der","slug":"blaklaeder-it"}],"yoast_head":"<!-- This site is optimized with the Yoast SEO plugin v16.5 - https:\/\/yoast.com\/wordpress\/plugins\/seo\/ -->\n<title>Pantaloni artigiano stretch 4-vie X1900 Blaklader Blakl\u00e4der &bull; Blaklader, Pantaloni da Blaas<\/title>\n<meta name=\"description\" content=\"Pantaloni artigiano stretch 4-vie X1900 Blaklader Blaklader, Pantaloni da Blaas. Prezzi migliori per prodottiBlakl\u00e4der! Blakl\u00e4der Pantaloni artigiano stretch 4-vie X1900 Blaklader\" \/>\n<meta name=\"robots\" content=\"index, follow, max-snippet:-1, max-image-preview:large, max-video-preview:-1\" \/>\n<link rel=\"canonical\" href=\"https:\/\/www.blaas.it\/it\/prodotto\/catalogo\/abbigliamento-e-sicurezza-lavoro\/abbigliamento-da-lavoro\/pantaloni\/pantaloni-artigiano-stretch-4-vie-x1900-blaklader\/\" \/>\n<meta property=\"og:locale\" content=\"it_IT\" \/>\n<meta property=\"og:type\" content=\"article\" \/>\n<meta property=\"og:title\" content=\"Pantaloni artigiano stretch 4-vie X1900 Blaklader Blakl\u00e4der &bull; Blaklader, Pantaloni da Blaas\" \/>\n<meta property=\"og:description\" content=\"Pantaloni artigiano stretch 4-vie X1900 Blaklader Blaklader, Pantaloni da Blaas. Prezzi migliori per prodottiBlakl\u00e4der! Blakl\u00e4der Pantaloni artigiano stretch 4-vie X1900 Blaklader\" \/>\n<meta property=\"og:url\" content=\"https:\/\/www.blaas.it\/it\/prodotto\/catalogo\/abbigliamento-e-sicurezza-lavoro\/abbigliamento-da-lavoro\/pantaloni\/pantaloni-artigiano-stretch-4-vie-x1900-blaklader\/\" \/>\n<meta property=\"og:site_name\" content=\"Blaas\" \/>\n<meta property=\"article:modified_time\" content=\"2022-12-11T12:17:24+00:00\" \/>\n<meta property=\"og:image\" content=\"https:\/\/www.blaas.it\/wp-content\/uploads\/2022\/12\/198916449899.jpg\" \/>\n\t<meta property=\"og:image:width\" content=\"1000\" \/>\n\t<meta property=\"og:image:height\" content=\"1250\" \/>\n<meta name=\"twitter:card\" content=\"summary_large_image\" \/>\n<script type=\"application\/ld+json\" class=\"yoast-schema-graph\">{\"@context\":\"https:\/\/schema.org\",\"@graph\":[{\"@type\":\"Organization\",\"@id\":\"https:\/\/www.blaas.it\/#organization\",\"name\":\"Gebr. Blaas Gmbh\",\"url\":\"https:\/\/www.blaas.it\/\",\"sameAs\":[],\"logo\":{\"@type\":\"ImageObject\",\"@id\":\"https:\/\/www.blaas.it\/#logo\",\"inLanguage\":\"it-IT\",\"url\":\"https:\/\/www.blaas.it\/wp-content\/uploads\/2019\/03\/LOGOS_BLAAS.png\",\"contentUrl\":\"https:\/\/www.blaas.it\/wp-content\/uploads\/2019\/03\/LOGOS_BLAAS.png\",\"width\":1200,\"height\":411,\"caption\":\"Gebr. Blaas Gmbh\"},\"image\":{\"@id\":\"https:\/\/www.blaas.it\/#logo\"}},{\"@type\":\"WebSite\",\"@id\":\"https:\/\/www.blaas.it\/#website\",\"url\":\"https:\/\/www.blaas.it\/\",\"name\":\"Blaas\",\"description\":\"Per il cantiere\",\"publisher\":{\"@id\":\"https:\/\/www.blaas.it\/#organization\"},\"potentialAction\":[{\"@type\":\"SearchAction\",\"target\":\"https:\/\/www.blaas.it\/?s={search_term_string}\",\"query-input\":\"required name=search_term_string\"}],\"inLanguage\":\"it-IT\"},{\"@type\":\"ImageObject\",\"@id\":\"https:\/\/www.blaas.it\/it\/prodotto\/catalogo\/abbigliamento-e-sicurezza-lavoro\/abbigliamento-da-lavoro\/pantaloni\/pantaloni-artigiano-stretch-4-vie-x1900-blaklader\/#primaryimage\",\"inLanguage\":\"it-IT\",\"url\":\"https:\/\/www.blaas.it\/wp-content\/uploads\/2022\/12\/198916449899.jpg\",\"contentUrl\":\"https:\/\/www.blaas.it\/wp-content\/uploads\/2022\/12\/198916449899.jpg\",\"width\":1000,\"height\":1250},{\"@type\":\"WebPage\",\"@id\":\"https:\/\/www.blaas.it\/it\/prodotto\/catalogo\/abbigliamento-e-sicurezza-lavoro\/abbigliamento-da-lavoro\/pantaloni\/pantaloni-artigiano-stretch-4-vie-x1900-blaklader\/#webpage\",\"url\":\"https:\/\/www.blaas.it\/it\/prodotto\/catalogo\/abbigliamento-e-sicurezza-lavoro\/abbigliamento-da-lavoro\/pantaloni\/pantaloni-artigiano-stretch-4-vie-x1900-blaklader\/\",\"name\":\"Pantaloni artigiano stretch 4-vie X1900 Blaklader Blakl\\u00e4der &bull; Blaklader, Pantaloni da Blaas\",\"isPartOf\":{\"@id\":\"https:\/\/www.blaas.it\/#website\"},\"primaryImageOfPage\":{\"@id\":\"https:\/\/www.blaas.it\/it\/prodotto\/catalogo\/abbigliamento-e-sicurezza-lavoro\/abbigliamento-da-lavoro\/pantaloni\/pantaloni-artigiano-stretch-4-vie-x1900-blaklader\/#primaryimage\"},\"datePublished\":\"2022-12-11T12:14:32+00:00\",\"dateModified\":\"2022-12-11T12:17:24+00:00\",\"description\":\"Pantaloni artigiano stretch 4-vie X1900 Blaklader Blaklader, Pantaloni da Blaas. Prezzi migliori per prodottiBlakl\\u00e4der! Blakl\\u00e4der Pantaloni artigiano stretch 4-vie X1900 Blaklader\",\"breadcrumb\":{\"@id\":\"https:\/\/www.blaas.it\/it\/prodotto\/catalogo\/abbigliamento-e-sicurezza-lavoro\/abbigliamento-da-lavoro\/pantaloni\/pantaloni-artigiano-stretch-4-vie-x1900-blaklader\/#breadcrumb\"},\"inLanguage\":\"it-IT\",\"potentialAction\":[{\"@type\":\"ReadAction\",\"target\":[\"https:\/\/www.blaas.it\/it\/prodotto\/catalogo\/abbigliamento-e-sicurezza-lavoro\/abbigliamento-da-lavoro\/pantaloni\/pantaloni-artigiano-stretch-4-vie-x1900-blaklader\/\"]}]},{\"@type\":\"BreadcrumbList\",\"@id\":\"https:\/\/www.blaas.it\/it\/prodotto\/catalogo\/abbigliamento-e-sicurezza-lavoro\/abbigliamento-da-lavoro\/pantaloni\/pantaloni-artigiano-stretch-4-vie-x1900-blaklader\/#breadcrumb\",\"itemListElement\":[{\"@type\":\"ListItem\",\"position\":1,\"name\":\"Home\",\"item\":\"https:\/\/www.blaas.it\/it\/\"},{\"@type\":\"ListItem\",\"position\":2,\"name\":\"Prodotti\",\"item\":\"https:\/\/www.blaas.it\/produkte\/\"},{\"@type\":\"ListItem\",\"position\":3,\"name\":\"Catalogo prodotti\",\"item\":\"https:\/\/www.blaas.it\/it\/prodotti\/catalogo\/\"},{\"@type\":\"ListItem\",\"position\":4,\"name\":\"Abbigliamento e sicurezza lavoro\",\"item\":\"https:\/\/www.blaas.it\/it\/prodotti\/catalogo\/abbigliamento-e-sicurezza-lavoro\/\"},{\"@type\":\"ListItem\",\"position\":5,\"name\":\"Abbigliamento da lavoro\",\"item\":\"https:\/\/www.blaas.it\/it\/prodotti\/catalogo\/abbigliamento-e-sicurezza-lavoro\/abbigliamento-da-lavoro\/\"},{\"@type\":\"ListItem\",\"position\":6,\"name\":\"Blaklader\",\"item\":\"https:\/\/www.blaas.it\/it\/prodotti\/catalogo\/abbigliamento-e-sicurezza-lavoro\/abbigliamento-da-lavoro\/blaklader-it\/\"},{\"@type\":\"ListItem\",\"position\":7,\"name\":\"Pantaloni artigiano stretch 4-vie X1900 Blaklader\"}]}]}<\/script>\n<!-- \/ Yoast SEO plugin. -->","_links":{"self":[{"href":"https:\/\/www.blaas.it\/it\/wp-json\/wp\/v2\/product\/17218"}],"collection":[{"href":"https:\/\/www.blaas.it\/it\/wp-json\/wp\/v2\/product"}],"about":[{"href":"https:\/\/www.blaas.it\/it\/wp-json\/wp\/v2\/types\/product"}],"wp:featuredmedia":[{"embeddable":true,"href":"https:\/\/www.blaas.it\/it\/wp-json\/wp\/v2\/media\/17229"}],"wp:attachment":[{"href":"https:\/\/www.blaas.it\/it\/wp-json\/wp\/v2\/media?parent=17218"}],"wp:term":[{"taxonomy":"product_cat","embeddable":true,"href":"https:\/\/www.blaas.it\/it\/wp-json\/wp\/v2\/product_cat?post=17218"},{"taxonomy":"product_tag","embeddable":true,"href":"https:\/\/www.blaas.it\/it\/wp-json\/wp\/v2\/product_tag?post=17218"}],"curies":[{"name":"wp","href":"https:\/\/api.w.org\/{rel}","templated":true}]}}