{"id":17479,"date":"2023-02-21T12:42:23","date_gmt":"2023-02-21T11:42:25","guid":{"rendered":"https:\/\/www.blaas.it\/?post_type=product&#038;p=17479"},"modified":"2023-02-21T12:51:23","modified_gmt":"2023-02-21T11:51:23","slug":"spazzolatrice-e-smussatrice-per-giunti-lissmac-fbm-300-p","status":"publish","type":"product","link":"https:\/\/www.blaas.it\/it\/prodotto\/catalogo\/macchine-da-pulizia\/spazzolatrice-e-smussatrice-per-giunti-lissmac-fbm-300-p\/","title":{"rendered":"Spazzolatrice e smussatrice per giunti Lissmac FBM 300 P"},"content":{"rendered":"","protected":false},"excerpt":{"rendered":"<p>La spazzolatrice e smussatrice per giunti FBM 300 P \u00e8 dotata di un motore a benzina da 8,7 kW\/11,7 CV. La spazzolatrice per giunti a benzina \u00e8 ideale per rimuovere sostanze problematiche dal giunto gi\u00e0 tagliato ed \u00e8 progettata per un uso continuo in condizioni gravose. Una durata particolarmente lunga \u00e8 favorita dall&#8217;alimentazione permanente di olio al motore orizzontale e al separatore ciclonico che estende anche gli intervalli di manutenzione del filtro dell&#8217;aria.<\/p>\n","protected":false},"featured_media":17481,"template":"","meta":[],"product_cat":[6019,3101],"product_tag":[],"brands":[{"id":6020,"name":"Lissmac","slug":"lissmac-it-2"}],"yoast_head":"<!-- This site is optimized with the Yoast SEO plugin v16.5 - https:\/\/yoast.com\/wordpress\/plugins\/seo\/ -->\n<title>Spazzolatrice e smussatrice per giunti Lissmac FBM 300 P Lissmac &bull; Catalogo prodotti Lissmac, Macchine da pulizia da Blaas<\/title>\n<meta name=\"description\" content=\"Spazzolatrice e smussatrice per giunti Lissmac FBM 300 P Catalogo prodotti Lissmac, Macchine da pulizia da Blaas. Prezzi migliori per prodottiLissmac! Lissmac Spazzolatrice e smussatrice per giunti Lissmac FBM 300 P\" \/>\n<meta name=\"robots\" content=\"index, follow, max-snippet:-1, max-image-preview:large, max-video-preview:-1\" \/>\n<link rel=\"canonical\" href=\"https:\/\/www.blaas.it\/it\/prodotto\/catalogo\/macchine-da-pulizia\/spazzolatrice-e-smussatrice-per-giunti-lissmac-fbm-300-p\/\" \/>\n<meta property=\"og:locale\" content=\"it_IT\" \/>\n<meta property=\"og:type\" content=\"article\" \/>\n<meta property=\"og:title\" content=\"Spazzolatrice e smussatrice per giunti Lissmac FBM 300 P Lissmac &bull; Catalogo prodotti Lissmac, Macchine da pulizia da Blaas\" \/>\n<meta property=\"og:description\" content=\"Spazzolatrice e smussatrice per giunti Lissmac FBM 300 P Catalogo prodotti Lissmac, Macchine da pulizia da Blaas. Prezzi migliori per prodottiLissmac! Lissmac Spazzolatrice e smussatrice per giunti Lissmac FBM 300 P\" \/>\n<meta property=\"og:url\" content=\"https:\/\/www.blaas.it\/it\/prodotto\/catalogo\/macchine-da-pulizia\/spazzolatrice-e-smussatrice-per-giunti-lissmac-fbm-300-p\/\" \/>\n<meta property=\"og:site_name\" content=\"Blaas\" \/>\n<meta property=\"article:modified_time\" content=\"2023-02-21T11:51:23+00:00\" \/>\n<meta property=\"og:image\" content=\"https:\/\/www.blaas.it\/wp-content\/uploads\/2023\/02\/FBM-300-P.jpg\" \/>\n\t<meta property=\"og:image:width\" content=\"1280\" \/>\n\t<meta property=\"og:image:height\" content=\"840\" \/>\n<meta name=\"twitter:card\" content=\"summary_large_image\" \/>\n<script type=\"application\/ld+json\" class=\"yoast-schema-graph\">{\"@context\":\"https:\/\/schema.org\",\"@graph\":[{\"@type\":\"Organization\",\"@id\":\"https:\/\/www.blaas.it\/#organization\",\"name\":\"Gebr. Blaas Gmbh\",\"url\":\"https:\/\/www.blaas.it\/\",\"sameAs\":[],\"logo\":{\"@type\":\"ImageObject\",\"@id\":\"https:\/\/www.blaas.it\/#logo\",\"inLanguage\":\"it-IT\",\"url\":\"https:\/\/www.blaas.it\/wp-content\/uploads\/2019\/03\/LOGOS_BLAAS.png\",\"contentUrl\":\"https:\/\/www.blaas.it\/wp-content\/uploads\/2019\/03\/LOGOS_BLAAS.png\",\"width\":1200,\"height\":411,\"caption\":\"Gebr. Blaas Gmbh\"},\"image\":{\"@id\":\"https:\/\/www.blaas.it\/#logo\"}},{\"@type\":\"WebSite\",\"@id\":\"https:\/\/www.blaas.it\/#website\",\"url\":\"https:\/\/www.blaas.it\/\",\"name\":\"Blaas\",\"description\":\"Per il cantiere\",\"publisher\":{\"@id\":\"https:\/\/www.blaas.it\/#organization\"},\"potentialAction\":[{\"@type\":\"SearchAction\",\"target\":\"https:\/\/www.blaas.it\/?s={search_term_string}\",\"query-input\":\"required name=search_term_string\"}],\"inLanguage\":\"it-IT\"},{\"@type\":\"ImageObject\",\"@id\":\"https:\/\/www.blaas.it\/it\/prodotto\/catalogo\/macchine-da-pulizia\/spazzolatrice-e-smussatrice-per-giunti-lissmac-fbm-300-p\/#primaryimage\",\"inLanguage\":\"it-IT\",\"url\":\"https:\/\/www.blaas.it\/wp-content\/uploads\/2023\/02\/FBM-300-P.jpg\",\"contentUrl\":\"https:\/\/www.blaas.it\/wp-content\/uploads\/2023\/02\/FBM-300-P.jpg\",\"width\":1280,\"height\":840},{\"@type\":\"WebPage\",\"@id\":\"https:\/\/www.blaas.it\/it\/prodotto\/catalogo\/macchine-da-pulizia\/spazzolatrice-e-smussatrice-per-giunti-lissmac-fbm-300-p\/#webpage\",\"url\":\"https:\/\/www.blaas.it\/it\/prodotto\/catalogo\/macchine-da-pulizia\/spazzolatrice-e-smussatrice-per-giunti-lissmac-fbm-300-p\/\",\"name\":\"Spazzolatrice e smussatrice per giunti Lissmac FBM 300 P Lissmac &bull; Catalogo prodotti Lissmac, Macchine da pulizia da Blaas\",\"isPartOf\":{\"@id\":\"https:\/\/www.blaas.it\/#website\"},\"primaryImageOfPage\":{\"@id\":\"https:\/\/www.blaas.it\/it\/prodotto\/catalogo\/macchine-da-pulizia\/spazzolatrice-e-smussatrice-per-giunti-lissmac-fbm-300-p\/#primaryimage\"},\"datePublished\":\"2023-02-21T11:42:25+00:00\",\"dateModified\":\"2023-02-21T11:51:23+00:00\",\"description\":\"Spazzolatrice e smussatrice per giunti Lissmac FBM 300 P Catalogo prodotti Lissmac, Macchine da pulizia da Blaas. Prezzi migliori per prodottiLissmac! Lissmac Spazzolatrice e smussatrice per giunti Lissmac FBM 300 P\",\"breadcrumb\":{\"@id\":\"https:\/\/www.blaas.it\/it\/prodotto\/catalogo\/macchine-da-pulizia\/spazzolatrice-e-smussatrice-per-giunti-lissmac-fbm-300-p\/#breadcrumb\"},\"inLanguage\":\"it-IT\",\"potentialAction\":[{\"@type\":\"ReadAction\",\"target\":[\"https:\/\/www.blaas.it\/it\/prodotto\/catalogo\/macchine-da-pulizia\/spazzolatrice-e-smussatrice-per-giunti-lissmac-fbm-300-p\/\"]}]},{\"@type\":\"BreadcrumbList\",\"@id\":\"https:\/\/www.blaas.it\/it\/prodotto\/catalogo\/macchine-da-pulizia\/spazzolatrice-e-smussatrice-per-giunti-lissmac-fbm-300-p\/#breadcrumb\",\"itemListElement\":[{\"@type\":\"ListItem\",\"position\":1,\"name\":\"Home\",\"item\":\"https:\/\/www.blaas.it\/it\/\"},{\"@type\":\"ListItem\",\"position\":2,\"name\":\"Prodotti\",\"item\":\"https:\/\/www.blaas.it\/produkte\/\"},{\"@type\":\"ListItem\",\"position\":3,\"name\":\"Catalogo prodotti\",\"item\":\"https:\/\/www.blaas.it\/it\/prodotti\/catalogo\/\"},{\"@type\":\"ListItem\",\"position\":4,\"name\":\"Catalogo prodotti Lissmac\",\"item\":\"https:\/\/www.blaas.it\/it\/prodotti\/catalogo\/lissmac-it\/\"},{\"@type\":\"ListItem\",\"position\":5,\"name\":\"Spazzolatrice e smussatrice per giunti Lissmac FBM 300 P\"}]}]}<\/script>\n<!-- \/ Yoast SEO plugin. -->","_links":{"self":[{"href":"https:\/\/www.blaas.it\/it\/wp-json\/wp\/v2\/product\/17479"}],"collection":[{"href":"https:\/\/www.blaas.it\/it\/wp-json\/wp\/v2\/product"}],"about":[{"href":"https:\/\/www.blaas.it\/it\/wp-json\/wp\/v2\/types\/product"}],"wp:featuredmedia":[{"embeddable":true,"href":"https:\/\/www.blaas.it\/it\/wp-json\/wp\/v2\/media\/17481"}],"wp:attachment":[{"href":"https:\/\/www.blaas.it\/it\/wp-json\/wp\/v2\/media?parent=17479"}],"wp:term":[{"taxonomy":"product_cat","embeddable":true,"href":"https:\/\/www.blaas.it\/it\/wp-json\/wp\/v2\/product_cat?post=17479"},{"taxonomy":"product_tag","embeddable":true,"href":"https:\/\/www.blaas.it\/it\/wp-json\/wp\/v2\/product_tag?post=17479"}],"curies":[{"name":"wp","href":"https:\/\/api.w.org\/{rel}","templated":true}]}}