{"id":17923,"date":"2023-03-06T16:25:23","date_gmt":"2023-03-06T15:25:28","guid":{"rendered":"https:\/\/www.blaas.it\/?post_type=product&#038;p=17923"},"modified":"2023-03-06T16:40:19","modified_gmt":"2023-03-06T15:40:19","slug":"stivale-protettivo-elite-s3-blaklader","status":"publish","type":"product","link":"https:\/\/www.blaas.it\/it\/prodotto\/catalogo\/abbigliamento-e-sicurezza-lavoro\/abbigliamento-da-lavoro\/blaklader-it\/stivale-protettivo-elite-s3-blaklader\/","title":{"rendered":"Stivale protettivo Elite S3 Blaklader"},"content":{"rendered":"","protected":false},"excerpt":{"rendered":"<div class=\"MuiGrid-root MuiGrid-item MuiGrid-grid-xs-12 css-1k6yhaw\">\n<div class=\"jss160 MuiBox-root css-0\">Stivale protettivo in pelle che fa parte della collezione Bl\u00e5kl\u00e4der Elite. Questo stivale alla caviglia \u00e8 estremamente resistente e protettivo. La parte della caviglia \u00e8 imbottita e garantisce una buona stabilit\u00e0. Il puntale \u00e8 in alluminio mentre l&#8217;intersuola \u00e8 morbida e resiste alla penetrazione. Tallone e punta sono realizzati in TPU per una maggiore protezione. La soletta \u00e8 realizzata in morbido e anatomico PU, ottimo per assorbire l&#8217;umidit\u00e0. Ha dettagli riflettenti nella parte laterale e posteriore. Sono adatti per i lavori nei settori costruzioni, trasporti, manutenzioni e riparazioni svolti all&#8217;esterno.\u00a0 Numeri da donna 35-39<\/div>\n<\/div>\n","protected":false},"featured_media":17986,"template":"","meta":[],"product_cat":[5992,509],"product_tag":[],"brands":[{"id":4114,"name":"Blakl\u00e4der","slug":"blaklaeder-it"}],"yoast_head":"<!-- This site is optimized with the Yoast SEO plugin v16.5 - https:\/\/yoast.com\/wordpress\/plugins\/seo\/ -->\n<title>Stivale protettivo Elite S3 Blaklader Blakl\u00e4der &bull; Blaklader, Scarpe da lavoro da Blaas<\/title>\n<meta name=\"description\" content=\"Stivale protettivo Elite S3 Blaklader Blaklader, Scarpe da lavoro da Blaas. Prezzi migliori per prodottiBlakl\u00e4der! Blakl\u00e4der Stivale protettivo Elite S3 Blaklader\" \/>\n<meta name=\"robots\" content=\"index, follow, max-snippet:-1, max-image-preview:large, max-video-preview:-1\" \/>\n<link rel=\"canonical\" href=\"https:\/\/www.blaas.it\/it\/prodotto\/catalogo\/abbigliamento-e-sicurezza-lavoro\/abbigliamento-da-lavoro\/blaklader-it\/stivale-protettivo-elite-s3-blaklader\/\" \/>\n<meta property=\"og:locale\" content=\"it_IT\" \/>\n<meta property=\"og:type\" content=\"article\" \/>\n<meta property=\"og:title\" content=\"Stivale protettivo Elite S3 Blaklader Blakl\u00e4der &bull; Blaklader, Scarpe da lavoro da Blaas\" \/>\n<meta property=\"og:description\" content=\"Stivale protettivo Elite S3 Blaklader Blaklader, Scarpe da lavoro da Blaas. Prezzi migliori per prodottiBlakl\u00e4der! Blakl\u00e4der Stivale protettivo Elite S3 Blaklader\" \/>\n<meta property=\"og:url\" content=\"https:\/\/www.blaas.it\/it\/prodotto\/catalogo\/abbigliamento-e-sicurezza-lavoro\/abbigliamento-da-lavoro\/blaklader-it\/stivale-protettivo-elite-s3-blaklader\/\" \/>\n<meta property=\"og:site_name\" content=\"Blaas\" \/>\n<meta property=\"article:modified_time\" content=\"2023-03-06T15:40:19+00:00\" \/>\n<meta property=\"og:image\" content=\"https:\/\/www.blaas.it\/wp-content\/uploads\/2023\/03\/245200009900.jpg\" \/>\n\t<meta property=\"og:image:width\" content=\"1000\" \/>\n\t<meta property=\"og:image:height\" content=\"1250\" \/>\n<meta name=\"twitter:card\" content=\"summary_large_image\" \/>\n<script type=\"application\/ld+json\" class=\"yoast-schema-graph\">{\"@context\":\"https:\/\/schema.org\",\"@graph\":[{\"@type\":\"Organization\",\"@id\":\"https:\/\/www.blaas.it\/#organization\",\"name\":\"Gebr. Blaas Gmbh\",\"url\":\"https:\/\/www.blaas.it\/\",\"sameAs\":[],\"logo\":{\"@type\":\"ImageObject\",\"@id\":\"https:\/\/www.blaas.it\/#logo\",\"inLanguage\":\"it-IT\",\"url\":\"https:\/\/www.blaas.it\/wp-content\/uploads\/2019\/03\/LOGOS_BLAAS.png\",\"contentUrl\":\"https:\/\/www.blaas.it\/wp-content\/uploads\/2019\/03\/LOGOS_BLAAS.png\",\"width\":1200,\"height\":411,\"caption\":\"Gebr. Blaas Gmbh\"},\"image\":{\"@id\":\"https:\/\/www.blaas.it\/#logo\"}},{\"@type\":\"WebSite\",\"@id\":\"https:\/\/www.blaas.it\/#website\",\"url\":\"https:\/\/www.blaas.it\/\",\"name\":\"Blaas\",\"description\":\"Per il cantiere\",\"publisher\":{\"@id\":\"https:\/\/www.blaas.it\/#organization\"},\"potentialAction\":[{\"@type\":\"SearchAction\",\"target\":\"https:\/\/www.blaas.it\/?s={search_term_string}\",\"query-input\":\"required name=search_term_string\"}],\"inLanguage\":\"it-IT\"},{\"@type\":\"ImageObject\",\"@id\":\"https:\/\/www.blaas.it\/it\/prodotto\/catalogo\/abbigliamento-e-sicurezza-lavoro\/abbigliamento-da-lavoro\/blaklader-it\/stivale-protettivo-elite-s3-blaklader\/#primaryimage\",\"inLanguage\":\"it-IT\",\"url\":\"https:\/\/www.blaas.it\/wp-content\/uploads\/2023\/03\/245200009900.jpg\",\"contentUrl\":\"https:\/\/www.blaas.it\/wp-content\/uploads\/2023\/03\/245200009900.jpg\",\"width\":1000,\"height\":1250},{\"@type\":\"WebPage\",\"@id\":\"https:\/\/www.blaas.it\/it\/prodotto\/catalogo\/abbigliamento-e-sicurezza-lavoro\/abbigliamento-da-lavoro\/blaklader-it\/stivale-protettivo-elite-s3-blaklader\/#webpage\",\"url\":\"https:\/\/www.blaas.it\/it\/prodotto\/catalogo\/abbigliamento-e-sicurezza-lavoro\/abbigliamento-da-lavoro\/blaklader-it\/stivale-protettivo-elite-s3-blaklader\/\",\"name\":\"Stivale protettivo Elite S3 Blaklader Blakl\\u00e4der &bull; Blaklader, Scarpe da lavoro da Blaas\",\"isPartOf\":{\"@id\":\"https:\/\/www.blaas.it\/#website\"},\"primaryImageOfPage\":{\"@id\":\"https:\/\/www.blaas.it\/it\/prodotto\/catalogo\/abbigliamento-e-sicurezza-lavoro\/abbigliamento-da-lavoro\/blaklader-it\/stivale-protettivo-elite-s3-blaklader\/#primaryimage\"},\"datePublished\":\"2023-03-06T15:25:28+00:00\",\"dateModified\":\"2023-03-06T15:40:19+00:00\",\"description\":\"Stivale protettivo Elite S3 Blaklader Blaklader, Scarpe da lavoro da Blaas. Prezzi migliori per prodottiBlakl\\u00e4der! Blakl\\u00e4der Stivale protettivo Elite S3 Blaklader\",\"breadcrumb\":{\"@id\":\"https:\/\/www.blaas.it\/it\/prodotto\/catalogo\/abbigliamento-e-sicurezza-lavoro\/abbigliamento-da-lavoro\/blaklader-it\/stivale-protettivo-elite-s3-blaklader\/#breadcrumb\"},\"inLanguage\":\"it-IT\",\"potentialAction\":[{\"@type\":\"ReadAction\",\"target\":[\"https:\/\/www.blaas.it\/it\/prodotto\/catalogo\/abbigliamento-e-sicurezza-lavoro\/abbigliamento-da-lavoro\/blaklader-it\/stivale-protettivo-elite-s3-blaklader\/\"]}]},{\"@type\":\"BreadcrumbList\",\"@id\":\"https:\/\/www.blaas.it\/it\/prodotto\/catalogo\/abbigliamento-e-sicurezza-lavoro\/abbigliamento-da-lavoro\/blaklader-it\/stivale-protettivo-elite-s3-blaklader\/#breadcrumb\",\"itemListElement\":[{\"@type\":\"ListItem\",\"position\":1,\"name\":\"Home\",\"item\":\"https:\/\/www.blaas.it\/it\/\"},{\"@type\":\"ListItem\",\"position\":2,\"name\":\"Prodotti\",\"item\":\"https:\/\/www.blaas.it\/produkte\/\"},{\"@type\":\"ListItem\",\"position\":3,\"name\":\"Catalogo prodotti\",\"item\":\"https:\/\/www.blaas.it\/it\/prodotti\/catalogo\/\"},{\"@type\":\"ListItem\",\"position\":4,\"name\":\"Abbigliamento e sicurezza lavoro\",\"item\":\"https:\/\/www.blaas.it\/it\/prodotti\/catalogo\/abbigliamento-e-sicurezza-lavoro\/\"},{\"@type\":\"ListItem\",\"position\":5,\"name\":\"Abbigliamento da lavoro\",\"item\":\"https:\/\/www.blaas.it\/it\/prodotti\/catalogo\/abbigliamento-e-sicurezza-lavoro\/abbigliamento-da-lavoro\/\"},{\"@type\":\"ListItem\",\"position\":6,\"name\":\"Blaklader\",\"item\":\"https:\/\/www.blaas.it\/it\/prodotti\/catalogo\/abbigliamento-e-sicurezza-lavoro\/abbigliamento-da-lavoro\/blaklader-it\/\"},{\"@type\":\"ListItem\",\"position\":7,\"name\":\"Stivale protettivo Elite S3 Blaklader\"}]}]}<\/script>\n<!-- \/ Yoast SEO plugin. -->","_links":{"self":[{"href":"https:\/\/www.blaas.it\/it\/wp-json\/wp\/v2\/product\/17923"}],"collection":[{"href":"https:\/\/www.blaas.it\/it\/wp-json\/wp\/v2\/product"}],"about":[{"href":"https:\/\/www.blaas.it\/it\/wp-json\/wp\/v2\/types\/product"}],"wp:featuredmedia":[{"embeddable":true,"href":"https:\/\/www.blaas.it\/it\/wp-json\/wp\/v2\/media\/17986"}],"wp:attachment":[{"href":"https:\/\/www.blaas.it\/it\/wp-json\/wp\/v2\/media?parent=17923"}],"wp:term":[{"taxonomy":"product_cat","embeddable":true,"href":"https:\/\/www.blaas.it\/it\/wp-json\/wp\/v2\/product_cat?post=17923"},{"taxonomy":"product_tag","embeddable":true,"href":"https:\/\/www.blaas.it\/it\/wp-json\/wp\/v2\/product_tag?post=17923"}],"curies":[{"name":"wp","href":"https:\/\/api.w.org\/{rel}","templated":true}]}}