{"id":17999,"date":"2023-03-06T16:41:35","date_gmt":"2023-03-06T15:41:40","guid":{"rendered":"https:\/\/www.blaas.it\/?post_type=product&#038;p=17999"},"modified":"2023-03-06T16:44:26","modified_gmt":"2023-03-06T15:44:26","slug":"scarpa-antinfortunistica-elite-s3-blaklader","status":"publish","type":"product","link":"https:\/\/www.blaas.it\/it\/prodotto\/catalogo\/abbigliamento-e-sicurezza-lavoro\/abbigliamento-da-lavoro\/blaklader-it\/scarpa-antinfortunistica-elite-s3-blaklader\/","title":{"rendered":"Scarpa antinfortunistica Elite S3 Blaklader"},"content":{"rendered":"","protected":false},"excerpt":{"rendered":"<div class=\"MuiGrid-root MuiGrid-item MuiGrid-grid-xs-12 css-1k6yhaw\">\n<div class=\"jss160 MuiBox-root css-0\">Scarpa antinfortunistica estremamente resistente che fa parte della collezione Bl\u00e5kl\u00e4der Elite. E&#8217; realizzata in pelle naturale che protegge il piede mentre il puntale \u00e8 in alluminio. L&#8217; intersuola \u00e8 resistente alla penetrazione e tallone e punta sono protetti dal TPU. La soletta \u00e8 realizzata in morbido e anatomico PU che assorbe l&#8217;umidit\u00e0. Gli inserti riflettenti laterali e sul tallone rendono chi la indossa maggiormente visibile. E&#8217; adatta al settore costruzioni, trasporto, manutenzione. Numeri da donna 35-39<\/div>\n<\/div>\n","protected":false},"featured_media":18012,"template":"","meta":[],"product_cat":[5992,509],"product_tag":[],"brands":[{"id":4114,"name":"Blakl\u00e4der","slug":"blaklaeder-it"}],"yoast_head":"<!-- This site is optimized with the Yoast SEO plugin v16.5 - https:\/\/yoast.com\/wordpress\/plugins\/seo\/ -->\n<title>Scarpa antinfortunistica Elite S3 Blaklader Blakl\u00e4der &bull; Blaklader, Scarpe da lavoro da Blaas<\/title>\n<meta name=\"description\" content=\"Scarpa antinfortunistica Elite S3 Blaklader Blaklader, Scarpe da lavoro da Blaas. Prezzi migliori per prodottiBlakl\u00e4der! Blakl\u00e4der Scarpa antinfortunistica Elite S3 Blaklader\" \/>\n<meta name=\"robots\" content=\"index, follow, max-snippet:-1, max-image-preview:large, max-video-preview:-1\" \/>\n<link rel=\"canonical\" href=\"https:\/\/www.blaas.it\/it\/prodotto\/catalogo\/abbigliamento-e-sicurezza-lavoro\/abbigliamento-da-lavoro\/blaklader-it\/scarpa-antinfortunistica-elite-s3-blaklader\/\" \/>\n<meta property=\"og:locale\" content=\"it_IT\" \/>\n<meta property=\"og:type\" content=\"article\" \/>\n<meta property=\"og:title\" content=\"Scarpa antinfortunistica Elite S3 Blaklader Blakl\u00e4der &bull; Blaklader, Scarpe da lavoro da Blaas\" \/>\n<meta property=\"og:description\" content=\"Scarpa antinfortunistica Elite S3 Blaklader Blaklader, Scarpe da lavoro da Blaas. Prezzi migliori per prodottiBlakl\u00e4der! Blakl\u00e4der Scarpa antinfortunistica Elite S3 Blaklader\" \/>\n<meta property=\"og:url\" content=\"https:\/\/www.blaas.it\/it\/prodotto\/catalogo\/abbigliamento-e-sicurezza-lavoro\/abbigliamento-da-lavoro\/blaklader-it\/scarpa-antinfortunistica-elite-s3-blaklader\/\" \/>\n<meta property=\"og:site_name\" content=\"Blaas\" \/>\n<meta property=\"article:modified_time\" content=\"2023-03-06T15:44:26+00:00\" \/>\n<meta property=\"og:image\" content=\"https:\/\/www.blaas.it\/wp-content\/uploads\/2023\/03\/245000009900.jpg\" \/>\n\t<meta property=\"og:image:width\" content=\"1000\" \/>\n\t<meta property=\"og:image:height\" content=\"1250\" \/>\n<meta name=\"twitter:card\" content=\"summary_large_image\" \/>\n<script type=\"application\/ld+json\" class=\"yoast-schema-graph\">{\"@context\":\"https:\/\/schema.org\",\"@graph\":[{\"@type\":\"Organization\",\"@id\":\"https:\/\/www.blaas.it\/#organization\",\"name\":\"Gebr. Blaas Gmbh\",\"url\":\"https:\/\/www.blaas.it\/\",\"sameAs\":[],\"logo\":{\"@type\":\"ImageObject\",\"@id\":\"https:\/\/www.blaas.it\/#logo\",\"inLanguage\":\"it-IT\",\"url\":\"https:\/\/www.blaas.it\/wp-content\/uploads\/2019\/03\/LOGOS_BLAAS.png\",\"contentUrl\":\"https:\/\/www.blaas.it\/wp-content\/uploads\/2019\/03\/LOGOS_BLAAS.png\",\"width\":1200,\"height\":411,\"caption\":\"Gebr. Blaas Gmbh\"},\"image\":{\"@id\":\"https:\/\/www.blaas.it\/#logo\"}},{\"@type\":\"WebSite\",\"@id\":\"https:\/\/www.blaas.it\/#website\",\"url\":\"https:\/\/www.blaas.it\/\",\"name\":\"Blaas\",\"description\":\"Per il cantiere\",\"publisher\":{\"@id\":\"https:\/\/www.blaas.it\/#organization\"},\"potentialAction\":[{\"@type\":\"SearchAction\",\"target\":\"https:\/\/www.blaas.it\/?s={search_term_string}\",\"query-input\":\"required name=search_term_string\"}],\"inLanguage\":\"it-IT\"},{\"@type\":\"ImageObject\",\"@id\":\"https:\/\/www.blaas.it\/it\/prodotto\/catalogo\/abbigliamento-e-sicurezza-lavoro\/abbigliamento-da-lavoro\/blaklader-it\/scarpa-antinfortunistica-elite-s3-blaklader\/#primaryimage\",\"inLanguage\":\"it-IT\",\"url\":\"https:\/\/www.blaas.it\/wp-content\/uploads\/2023\/03\/245000009900.jpg\",\"contentUrl\":\"https:\/\/www.blaas.it\/wp-content\/uploads\/2023\/03\/245000009900.jpg\",\"width\":1000,\"height\":1250},{\"@type\":\"WebPage\",\"@id\":\"https:\/\/www.blaas.it\/it\/prodotto\/catalogo\/abbigliamento-e-sicurezza-lavoro\/abbigliamento-da-lavoro\/blaklader-it\/scarpa-antinfortunistica-elite-s3-blaklader\/#webpage\",\"url\":\"https:\/\/www.blaas.it\/it\/prodotto\/catalogo\/abbigliamento-e-sicurezza-lavoro\/abbigliamento-da-lavoro\/blaklader-it\/scarpa-antinfortunistica-elite-s3-blaklader\/\",\"name\":\"Scarpa antinfortunistica Elite S3 Blaklader Blakl\\u00e4der &bull; Blaklader, Scarpe da lavoro da Blaas\",\"isPartOf\":{\"@id\":\"https:\/\/www.blaas.it\/#website\"},\"primaryImageOfPage\":{\"@id\":\"https:\/\/www.blaas.it\/it\/prodotto\/catalogo\/abbigliamento-e-sicurezza-lavoro\/abbigliamento-da-lavoro\/blaklader-it\/scarpa-antinfortunistica-elite-s3-blaklader\/#primaryimage\"},\"datePublished\":\"2023-03-06T15:41:40+00:00\",\"dateModified\":\"2023-03-06T15:44:26+00:00\",\"description\":\"Scarpa antinfortunistica Elite S3 Blaklader Blaklader, Scarpe da lavoro da Blaas. Prezzi migliori per prodottiBlakl\\u00e4der! Blakl\\u00e4der Scarpa antinfortunistica Elite S3 Blaklader\",\"breadcrumb\":{\"@id\":\"https:\/\/www.blaas.it\/it\/prodotto\/catalogo\/abbigliamento-e-sicurezza-lavoro\/abbigliamento-da-lavoro\/blaklader-it\/scarpa-antinfortunistica-elite-s3-blaklader\/#breadcrumb\"},\"inLanguage\":\"it-IT\",\"potentialAction\":[{\"@type\":\"ReadAction\",\"target\":[\"https:\/\/www.blaas.it\/it\/prodotto\/catalogo\/abbigliamento-e-sicurezza-lavoro\/abbigliamento-da-lavoro\/blaklader-it\/scarpa-antinfortunistica-elite-s3-blaklader\/\"]}]},{\"@type\":\"BreadcrumbList\",\"@id\":\"https:\/\/www.blaas.it\/it\/prodotto\/catalogo\/abbigliamento-e-sicurezza-lavoro\/abbigliamento-da-lavoro\/blaklader-it\/scarpa-antinfortunistica-elite-s3-blaklader\/#breadcrumb\",\"itemListElement\":[{\"@type\":\"ListItem\",\"position\":1,\"name\":\"Home\",\"item\":\"https:\/\/www.blaas.it\/it\/\"},{\"@type\":\"ListItem\",\"position\":2,\"name\":\"Prodotti\",\"item\":\"https:\/\/www.blaas.it\/produkte\/\"},{\"@type\":\"ListItem\",\"position\":3,\"name\":\"Catalogo prodotti\",\"item\":\"https:\/\/www.blaas.it\/it\/prodotti\/catalogo\/\"},{\"@type\":\"ListItem\",\"position\":4,\"name\":\"Abbigliamento e sicurezza lavoro\",\"item\":\"https:\/\/www.blaas.it\/it\/prodotti\/catalogo\/abbigliamento-e-sicurezza-lavoro\/\"},{\"@type\":\"ListItem\",\"position\":5,\"name\":\"Abbigliamento da lavoro\",\"item\":\"https:\/\/www.blaas.it\/it\/prodotti\/catalogo\/abbigliamento-e-sicurezza-lavoro\/abbigliamento-da-lavoro\/\"},{\"@type\":\"ListItem\",\"position\":6,\"name\":\"Blaklader\",\"item\":\"https:\/\/www.blaas.it\/it\/prodotti\/catalogo\/abbigliamento-e-sicurezza-lavoro\/abbigliamento-da-lavoro\/blaklader-it\/\"},{\"@type\":\"ListItem\",\"position\":7,\"name\":\"Scarpa antinfortunistica Elite S3 Blaklader\"}]}]}<\/script>\n<!-- \/ Yoast SEO plugin. -->","_links":{"self":[{"href":"https:\/\/www.blaas.it\/it\/wp-json\/wp\/v2\/product\/17999"}],"collection":[{"href":"https:\/\/www.blaas.it\/it\/wp-json\/wp\/v2\/product"}],"about":[{"href":"https:\/\/www.blaas.it\/it\/wp-json\/wp\/v2\/types\/product"}],"wp:featuredmedia":[{"embeddable":true,"href":"https:\/\/www.blaas.it\/it\/wp-json\/wp\/v2\/media\/18012"}],"wp:attachment":[{"href":"https:\/\/www.blaas.it\/it\/wp-json\/wp\/v2\/media?parent=17999"}],"wp:term":[{"taxonomy":"product_cat","embeddable":true,"href":"https:\/\/www.blaas.it\/it\/wp-json\/wp\/v2\/product_cat?post=17999"},{"taxonomy":"product_tag","embeddable":true,"href":"https:\/\/www.blaas.it\/it\/wp-json\/wp\/v2\/product_tag?post=17999"}],"curies":[{"name":"wp","href":"https:\/\/api.w.org\/{rel}","templated":true}]}}