{"id":18291,"date":"2023-03-10T15:27:41","date_gmt":"2023-03-10T14:27:44","guid":{"rendered":"https:\/\/www.blaas.it\/?post_type=product&#038;p=18291"},"modified":"2023-03-10T15:31:31","modified_gmt":"2023-03-10T14:31:31","slug":"jeans-multitasche-elasticizzato-jobc-rica-lewis","status":"publish","type":"product","link":"https:\/\/www.blaas.it\/it\/prodotto\/catalogo\/abbigliamento-e-sicurezza-lavoro\/abbigliamento-da-lavoro\/pantaloni\/jeans-multitasche-elasticizzato-jobc-rica-lewis\/","title":{"rendered":"Jeans multitasche elasticizzato JOBC Rica Lewis"},"content":{"rendered":"","protected":false},"excerpt":{"rendered":"<p>Jeans multitasche elasticizzato<\/p>\n<p>Jeans multitasche, vita alta, doppia cintura interna con elastico &#8220;antiscivolo&#8221;, patta con zip, comoda coscia con tasca per cellulare, gamba dritta con clip sul ginocchio, twill di Fibreflex\u00ae grigio elasticizzato, 81% cotone 17% poliestere 2% elastan, 280 grammi, Lunghezza dell&#8217;interno gamba 87 cm.<\/p>\n<p>L&#8217;ESSENZIALE PER LA TUA ATTREZZATURA FAI-DA-TE!<\/p>\n<p>La tecnicit\u00e0 \u00e8 all&#8217;appuntamento con questi jeans. Sar\u00e0 perfetto per assisterti nello svolgimento di molti compiti grazie ai suoi vantaggi:<\/p>\n<p>&#8211; doppia cintura interna elasticizzata per un eccellente supporto dei jeans<\/p>\n<p>&#8211; tasca laterale con graffio per laptop o strumenti e tasca per il metro<\/p>\n<p>&#8211; cinturino per attrezzi<\/p>\n<p>&#8211; comfort grazie al vestibilit\u00e0 dritto<\/p>\n<p>&#8211; passanti per cintura XL ultra resistenti<\/p>\n<p>&#8211; cuciture rinforzate per una solidit\u00e0 impeccabile<\/p>\n<p>&#8211; comodo e resistente denim elasticizzato Fibreflex\u00ae<\/p>\n<p>Interno gamba 87 cm per taglia 50.<\/p>\n<p>Il modello indossa una taglia 50.<\/p>\n","protected":false},"featured_media":18301,"template":"","meta":[],"product_cat":[6017,4143],"product_tag":[],"brands":[{"id":6350,"name":"Rica Lewis","slug":"rica-lewis-it"}],"yoast_head":"<!-- This site is optimized with the Yoast SEO plugin v16.5 - https:\/\/yoast.com\/wordpress\/plugins\/seo\/ -->\n<title>Jeans multitasche elasticizzato JOBC Rica Lewis Rica Lewis &bull; Rica Lewis, Pantaloni da Blaas<\/title>\n<meta name=\"description\" content=\"Jeans multitasche elasticizzato JOBC Rica Lewis Rica Lewis, Pantaloni da Blaas. Prezzi migliori per prodottiRica Lewis! Rica Lewis Jeans multitasche elasticizzato JOBC Rica Lewis\" \/>\n<meta name=\"robots\" content=\"index, follow, max-snippet:-1, max-image-preview:large, max-video-preview:-1\" \/>\n<link rel=\"canonical\" href=\"https:\/\/www.blaas.it\/it\/prodotto\/catalogo\/abbigliamento-e-sicurezza-lavoro\/abbigliamento-da-lavoro\/pantaloni\/jeans-multitasche-elasticizzato-jobc-rica-lewis\/\" \/>\n<meta property=\"og:locale\" content=\"it_IT\" \/>\n<meta property=\"og:type\" content=\"article\" \/>\n<meta property=\"og:title\" content=\"Jeans multitasche elasticizzato JOBC Rica Lewis Rica Lewis &bull; Rica Lewis, Pantaloni da Blaas\" \/>\n<meta property=\"og:description\" content=\"Jeans multitasche elasticizzato JOBC Rica Lewis Rica Lewis, Pantaloni da Blaas. Prezzi migliori per prodottiRica Lewis! Rica Lewis Jeans multitasche elasticizzato JOBC Rica Lewis\" \/>\n<meta property=\"og:url\" content=\"https:\/\/www.blaas.it\/it\/prodotto\/catalogo\/abbigliamento-e-sicurezza-lavoro\/abbigliamento-da-lavoro\/pantaloni\/jeans-multitasche-elasticizzato-jobc-rica-lewis\/\" \/>\n<meta property=\"og:site_name\" content=\"Blaas\" \/>\n<meta property=\"article:modified_time\" content=\"2023-03-10T14:31:31+00:00\" \/>\n<meta property=\"og:image\" content=\"https:\/\/www.blaas.it\/wp-content\/uploads\/2023\/03\/JOBC-0.jpg\" \/>\n\t<meta property=\"og:image:width\" content=\"533\" \/>\n\t<meta property=\"og:image:height\" content=\"800\" \/>\n<meta name=\"twitter:card\" content=\"summary_large_image\" \/>\n<script type=\"application\/ld+json\" class=\"yoast-schema-graph\">{\"@context\":\"https:\/\/schema.org\",\"@graph\":[{\"@type\":\"Organization\",\"@id\":\"https:\/\/www.blaas.it\/#organization\",\"name\":\"Gebr. Blaas Gmbh\",\"url\":\"https:\/\/www.blaas.it\/\",\"sameAs\":[],\"logo\":{\"@type\":\"ImageObject\",\"@id\":\"https:\/\/www.blaas.it\/#logo\",\"inLanguage\":\"it-IT\",\"url\":\"https:\/\/www.blaas.it\/wp-content\/uploads\/2019\/03\/LOGOS_BLAAS.png\",\"contentUrl\":\"https:\/\/www.blaas.it\/wp-content\/uploads\/2019\/03\/LOGOS_BLAAS.png\",\"width\":1200,\"height\":411,\"caption\":\"Gebr. Blaas Gmbh\"},\"image\":{\"@id\":\"https:\/\/www.blaas.it\/#logo\"}},{\"@type\":\"WebSite\",\"@id\":\"https:\/\/www.blaas.it\/#website\",\"url\":\"https:\/\/www.blaas.it\/\",\"name\":\"Blaas\",\"description\":\"Per il cantiere\",\"publisher\":{\"@id\":\"https:\/\/www.blaas.it\/#organization\"},\"potentialAction\":[{\"@type\":\"SearchAction\",\"target\":\"https:\/\/www.blaas.it\/?s={search_term_string}\",\"query-input\":\"required name=search_term_string\"}],\"inLanguage\":\"it-IT\"},{\"@type\":\"ImageObject\",\"@id\":\"https:\/\/www.blaas.it\/it\/prodotto\/catalogo\/abbigliamento-e-sicurezza-lavoro\/abbigliamento-da-lavoro\/pantaloni\/jeans-multitasche-elasticizzato-jobc-rica-lewis\/#primaryimage\",\"inLanguage\":\"it-IT\",\"url\":\"https:\/\/www.blaas.it\/wp-content\/uploads\/2023\/03\/JOBC-0.jpg\",\"contentUrl\":\"https:\/\/www.blaas.it\/wp-content\/uploads\/2023\/03\/JOBC-0.jpg\",\"width\":533,\"height\":800},{\"@type\":\"WebPage\",\"@id\":\"https:\/\/www.blaas.it\/it\/prodotto\/catalogo\/abbigliamento-e-sicurezza-lavoro\/abbigliamento-da-lavoro\/pantaloni\/jeans-multitasche-elasticizzato-jobc-rica-lewis\/#webpage\",\"url\":\"https:\/\/www.blaas.it\/it\/prodotto\/catalogo\/abbigliamento-e-sicurezza-lavoro\/abbigliamento-da-lavoro\/pantaloni\/jeans-multitasche-elasticizzato-jobc-rica-lewis\/\",\"name\":\"Jeans multitasche elasticizzato JOBC Rica Lewis Rica Lewis &bull; Rica Lewis, Pantaloni da Blaas\",\"isPartOf\":{\"@id\":\"https:\/\/www.blaas.it\/#website\"},\"primaryImageOfPage\":{\"@id\":\"https:\/\/www.blaas.it\/it\/prodotto\/catalogo\/abbigliamento-e-sicurezza-lavoro\/abbigliamento-da-lavoro\/pantaloni\/jeans-multitasche-elasticizzato-jobc-rica-lewis\/#primaryimage\"},\"datePublished\":\"2023-03-10T14:27:44+00:00\",\"dateModified\":\"2023-03-10T14:31:31+00:00\",\"description\":\"Jeans multitasche elasticizzato JOBC Rica Lewis Rica Lewis, Pantaloni da Blaas. Prezzi migliori per prodottiRica Lewis! Rica Lewis Jeans multitasche elasticizzato JOBC Rica Lewis\",\"breadcrumb\":{\"@id\":\"https:\/\/www.blaas.it\/it\/prodotto\/catalogo\/abbigliamento-e-sicurezza-lavoro\/abbigliamento-da-lavoro\/pantaloni\/jeans-multitasche-elasticizzato-jobc-rica-lewis\/#breadcrumb\"},\"inLanguage\":\"it-IT\",\"potentialAction\":[{\"@type\":\"ReadAction\",\"target\":[\"https:\/\/www.blaas.it\/it\/prodotto\/catalogo\/abbigliamento-e-sicurezza-lavoro\/abbigliamento-da-lavoro\/pantaloni\/jeans-multitasche-elasticizzato-jobc-rica-lewis\/\"]}]},{\"@type\":\"BreadcrumbList\",\"@id\":\"https:\/\/www.blaas.it\/it\/prodotto\/catalogo\/abbigliamento-e-sicurezza-lavoro\/abbigliamento-da-lavoro\/pantaloni\/jeans-multitasche-elasticizzato-jobc-rica-lewis\/#breadcrumb\",\"itemListElement\":[{\"@type\":\"ListItem\",\"position\":1,\"name\":\"Home\",\"item\":\"https:\/\/www.blaas.it\/it\/\"},{\"@type\":\"ListItem\",\"position\":2,\"name\":\"Prodotti\",\"item\":\"https:\/\/www.blaas.it\/produkte\/\"},{\"@type\":\"ListItem\",\"position\":3,\"name\":\"Catalogo prodotti\",\"item\":\"https:\/\/www.blaas.it\/it\/prodotti\/catalogo\/\"},{\"@type\":\"ListItem\",\"position\":4,\"name\":\"Abbigliamento e sicurezza lavoro\",\"item\":\"https:\/\/www.blaas.it\/it\/prodotti\/catalogo\/abbigliamento-e-sicurezza-lavoro\/\"},{\"@type\":\"ListItem\",\"position\":5,\"name\":\"Abbigliamento da lavoro\",\"item\":\"https:\/\/www.blaas.it\/it\/prodotti\/catalogo\/abbigliamento-e-sicurezza-lavoro\/abbigliamento-da-lavoro\/\"},{\"@type\":\"ListItem\",\"position\":6,\"name\":\"Rica Lewis\",\"item\":\"https:\/\/www.blaas.it\/it\/prodotti\/catalogo\/abbigliamento-e-sicurezza-lavoro\/abbigliamento-da-lavoro\/rica-lewis-it-2\/\"},{\"@type\":\"ListItem\",\"position\":7,\"name\":\"Jeans multitasche elasticizzato JOBC Rica Lewis\"}]}]}<\/script>\n<!-- \/ Yoast SEO plugin. -->","_links":{"self":[{"href":"https:\/\/www.blaas.it\/it\/wp-json\/wp\/v2\/product\/18291"}],"collection":[{"href":"https:\/\/www.blaas.it\/it\/wp-json\/wp\/v2\/product"}],"about":[{"href":"https:\/\/www.blaas.it\/it\/wp-json\/wp\/v2\/types\/product"}],"wp:featuredmedia":[{"embeddable":true,"href":"https:\/\/www.blaas.it\/it\/wp-json\/wp\/v2\/media\/18301"}],"wp:attachment":[{"href":"https:\/\/www.blaas.it\/it\/wp-json\/wp\/v2\/media?parent=18291"}],"wp:term":[{"taxonomy":"product_cat","embeddable":true,"href":"https:\/\/www.blaas.it\/it\/wp-json\/wp\/v2\/product_cat?post=18291"},{"taxonomy":"product_tag","embeddable":true,"href":"https:\/\/www.blaas.it\/it\/wp-json\/wp\/v2\/product_tag?post=18291"}],"curies":[{"name":"wp","href":"https:\/\/api.w.org\/{rel}","templated":true}]}}