{"id":18773,"date":"2023-03-20T17:04:28","date_gmt":"2023-03-20T16:04:31","guid":{"rendered":"https:\/\/www.blaas.it\/?post_type=product&#038;p=18773"},"modified":"2023-03-20T17:23:53","modified_gmt":"2023-03-20T16:23:53","slug":"t-shirt-high-vis-blaklader-2","status":"publish","type":"product","link":"https:\/\/www.blaas.it\/it\/prodotto\/catalogo\/abbigliamento-e-sicurezza-lavoro\/abbigliamento-da-lavoro\/t-shirt\/t-shirt-high-vis-blaklader-2\/","title":{"rendered":"T-Shirt High Vis Blaklader"},"content":{"rendered":"","protected":false},"excerpt":{"rendered":"<p>T-shirt ad alta visibilit\u00e0 con bande riflettenti segmentate per una migliore visibilit\u00e0. Il tessuto della maglietta ha una grande capacit\u00e0 di assorbimento, che significa che il sudore viene veicolato dall&#8217;interno della t-shirt verso l\u2019esterno. Non pu\u00f2 essere lavata industrialmente. Lavare a 60 gradi. \u00c8 certificata EN ISO 20471, XS-M classe 2, L-> classe 3.<\/p>\n<p>TESSUTO<br \/>\n55% poliestere, 45% polipropilene, Interlock 160g\/m\u00b2<\/p>\n<p>FUNZIONALIT\u00c0<br \/>\nVestibilit\u00e0 larga<\/p>\n<p>DETTAGLI<br \/>\nScollo rotondo<\/p>\n<p>REFLEX<br \/>\nInserti riflettenti su busto, maniche e spalle, Banda riflettente da 50 mm<\/p>\n","protected":false},"featured_media":18855,"template":"","meta":[],"product_cat":[5992,5959],"product_tag":[],"brands":[{"id":4114,"name":"Blakl\u00e4der","slug":"blaklaeder-it"}],"yoast_head":"<!-- This site is optimized with the Yoast SEO plugin v16.5 - https:\/\/yoast.com\/wordpress\/plugins\/seo\/ -->\n<title>T-Shirt High Vis Blaklader Blakl\u00e4der &bull; Blaklader, T-Shirt da Blaas<\/title>\n<meta name=\"description\" content=\"T-Shirt High Vis Blaklader Blaklader, T-Shirt da Blaas. Prezzi migliori per prodottiBlakl\u00e4der! Blakl\u00e4der T-Shirt High Vis Blaklader\" \/>\n<meta name=\"robots\" content=\"index, follow, max-snippet:-1, max-image-preview:large, max-video-preview:-1\" \/>\n<link rel=\"canonical\" href=\"https:\/\/www.blaas.it\/it\/prodotto\/catalogo\/abbigliamento-e-sicurezza-lavoro\/abbigliamento-da-lavoro\/t-shirt\/t-shirt-high-vis-blaklader-2\/\" \/>\n<meta property=\"og:locale\" content=\"it_IT\" \/>\n<meta property=\"og:type\" content=\"article\" \/>\n<meta property=\"og:title\" content=\"T-Shirt High Vis Blaklader Blakl\u00e4der &bull; Blaklader, T-Shirt da Blaas\" \/>\n<meta property=\"og:description\" content=\"T-Shirt High Vis Blaklader Blaklader, T-Shirt da Blaas. Prezzi migliori per prodottiBlakl\u00e4der! Blakl\u00e4der T-Shirt High Vis Blaklader\" \/>\n<meta property=\"og:url\" content=\"https:\/\/www.blaas.it\/it\/prodotto\/catalogo\/abbigliamento-e-sicurezza-lavoro\/abbigliamento-da-lavoro\/t-shirt\/t-shirt-high-vis-blaklader-2\/\" \/>\n<meta property=\"og:site_name\" content=\"Blaas\" \/>\n<meta property=\"article:modified_time\" content=\"2023-03-20T16:23:53+00:00\" \/>\n<meta property=\"og:image\" content=\"https:\/\/www.blaas.it\/wp-content\/uploads\/2023\/03\/352225373300.jpg\" \/>\n\t<meta property=\"og:image:width\" content=\"1600\" \/>\n\t<meta property=\"og:image:height\" content=\"2000\" \/>\n<meta name=\"twitter:card\" content=\"summary_large_image\" \/>\n<script type=\"application\/ld+json\" class=\"yoast-schema-graph\">{\"@context\":\"https:\/\/schema.org\",\"@graph\":[{\"@type\":\"Organization\",\"@id\":\"https:\/\/www.blaas.it\/#organization\",\"name\":\"Gebr. Blaas Gmbh\",\"url\":\"https:\/\/www.blaas.it\/\",\"sameAs\":[],\"logo\":{\"@type\":\"ImageObject\",\"@id\":\"https:\/\/www.blaas.it\/#logo\",\"inLanguage\":\"it-IT\",\"url\":\"https:\/\/www.blaas.it\/wp-content\/uploads\/2019\/03\/LOGOS_BLAAS.png\",\"contentUrl\":\"https:\/\/www.blaas.it\/wp-content\/uploads\/2019\/03\/LOGOS_BLAAS.png\",\"width\":1200,\"height\":411,\"caption\":\"Gebr. Blaas Gmbh\"},\"image\":{\"@id\":\"https:\/\/www.blaas.it\/#logo\"}},{\"@type\":\"WebSite\",\"@id\":\"https:\/\/www.blaas.it\/#website\",\"url\":\"https:\/\/www.blaas.it\/\",\"name\":\"Blaas\",\"description\":\"Per il cantiere\",\"publisher\":{\"@id\":\"https:\/\/www.blaas.it\/#organization\"},\"potentialAction\":[{\"@type\":\"SearchAction\",\"target\":\"https:\/\/www.blaas.it\/?s={search_term_string}\",\"query-input\":\"required name=search_term_string\"}],\"inLanguage\":\"it-IT\"},{\"@type\":\"ImageObject\",\"@id\":\"https:\/\/www.blaas.it\/it\/prodotto\/catalogo\/abbigliamento-e-sicurezza-lavoro\/abbigliamento-da-lavoro\/t-shirt\/t-shirt-high-vis-blaklader-2\/#primaryimage\",\"inLanguage\":\"it-IT\",\"url\":\"https:\/\/www.blaas.it\/wp-content\/uploads\/2023\/03\/352225373300.jpg\",\"contentUrl\":\"https:\/\/www.blaas.it\/wp-content\/uploads\/2023\/03\/352225373300.jpg\",\"width\":1600,\"height\":2000},{\"@type\":\"WebPage\",\"@id\":\"https:\/\/www.blaas.it\/it\/prodotto\/catalogo\/abbigliamento-e-sicurezza-lavoro\/abbigliamento-da-lavoro\/t-shirt\/t-shirt-high-vis-blaklader-2\/#webpage\",\"url\":\"https:\/\/www.blaas.it\/it\/prodotto\/catalogo\/abbigliamento-e-sicurezza-lavoro\/abbigliamento-da-lavoro\/t-shirt\/t-shirt-high-vis-blaklader-2\/\",\"name\":\"T-Shirt High Vis Blaklader Blakl\\u00e4der &bull; Blaklader, T-Shirt da Blaas\",\"isPartOf\":{\"@id\":\"https:\/\/www.blaas.it\/#website\"},\"primaryImageOfPage\":{\"@id\":\"https:\/\/www.blaas.it\/it\/prodotto\/catalogo\/abbigliamento-e-sicurezza-lavoro\/abbigliamento-da-lavoro\/t-shirt\/t-shirt-high-vis-blaklader-2\/#primaryimage\"},\"datePublished\":\"2023-03-20T16:04:31+00:00\",\"dateModified\":\"2023-03-20T16:23:53+00:00\",\"description\":\"T-Shirt High Vis Blaklader Blaklader, T-Shirt da Blaas. Prezzi migliori per prodottiBlakl\\u00e4der! Blakl\\u00e4der T-Shirt High Vis Blaklader\",\"breadcrumb\":{\"@id\":\"https:\/\/www.blaas.it\/it\/prodotto\/catalogo\/abbigliamento-e-sicurezza-lavoro\/abbigliamento-da-lavoro\/t-shirt\/t-shirt-high-vis-blaklader-2\/#breadcrumb\"},\"inLanguage\":\"it-IT\",\"potentialAction\":[{\"@type\":\"ReadAction\",\"target\":[\"https:\/\/www.blaas.it\/it\/prodotto\/catalogo\/abbigliamento-e-sicurezza-lavoro\/abbigliamento-da-lavoro\/t-shirt\/t-shirt-high-vis-blaklader-2\/\"]}]},{\"@type\":\"BreadcrumbList\",\"@id\":\"https:\/\/www.blaas.it\/it\/prodotto\/catalogo\/abbigliamento-e-sicurezza-lavoro\/abbigliamento-da-lavoro\/t-shirt\/t-shirt-high-vis-blaklader-2\/#breadcrumb\",\"itemListElement\":[{\"@type\":\"ListItem\",\"position\":1,\"name\":\"Home\",\"item\":\"https:\/\/www.blaas.it\/it\/\"},{\"@type\":\"ListItem\",\"position\":2,\"name\":\"Prodotti\",\"item\":\"https:\/\/www.blaas.it\/produkte\/\"},{\"@type\":\"ListItem\",\"position\":3,\"name\":\"Catalogo prodotti\",\"item\":\"https:\/\/www.blaas.it\/it\/prodotti\/catalogo\/\"},{\"@type\":\"ListItem\",\"position\":4,\"name\":\"Abbigliamento e sicurezza lavoro\",\"item\":\"https:\/\/www.blaas.it\/it\/prodotti\/catalogo\/abbigliamento-e-sicurezza-lavoro\/\"},{\"@type\":\"ListItem\",\"position\":5,\"name\":\"Abbigliamento da lavoro\",\"item\":\"https:\/\/www.blaas.it\/it\/prodotti\/catalogo\/abbigliamento-e-sicurezza-lavoro\/abbigliamento-da-lavoro\/\"},{\"@type\":\"ListItem\",\"position\":6,\"name\":\"Blaklader\",\"item\":\"https:\/\/www.blaas.it\/it\/prodotti\/catalogo\/abbigliamento-e-sicurezza-lavoro\/abbigliamento-da-lavoro\/blaklader-it\/\"},{\"@type\":\"ListItem\",\"position\":7,\"name\":\"T-Shirt High Vis Blaklader\"}]}]}<\/script>\n<!-- \/ Yoast SEO plugin. -->","_links":{"self":[{"href":"https:\/\/www.blaas.it\/it\/wp-json\/wp\/v2\/product\/18773"}],"collection":[{"href":"https:\/\/www.blaas.it\/it\/wp-json\/wp\/v2\/product"}],"about":[{"href":"https:\/\/www.blaas.it\/it\/wp-json\/wp\/v2\/types\/product"}],"wp:featuredmedia":[{"embeddable":true,"href":"https:\/\/www.blaas.it\/it\/wp-json\/wp\/v2\/media\/18855"}],"wp:attachment":[{"href":"https:\/\/www.blaas.it\/it\/wp-json\/wp\/v2\/media?parent=18773"}],"wp:term":[{"taxonomy":"product_cat","embeddable":true,"href":"https:\/\/www.blaas.it\/it\/wp-json\/wp\/v2\/product_cat?post=18773"},{"taxonomy":"product_tag","embeddable":true,"href":"https:\/\/www.blaas.it\/it\/wp-json\/wp\/v2\/product_tag?post=18773"}],"curies":[{"name":"wp","href":"https:\/\/api.w.org\/{rel}","templated":true}]}}