{"id":19046,"date":"2023-03-21T13:06:40","date_gmt":"2023-03-21T12:06:41","guid":{"rendered":"https:\/\/www.blaas.it\/?post_type=product&#038;p=19046"},"modified":"2023-03-21T13:13:07","modified_gmt":"2023-03-21T12:13:07","slug":"giacca-in-maglia-con-softshell-blaklader-59422536","status":"publish","type":"product","link":"https:\/\/www.blaas.it\/it\/prodotto\/catalogo\/abbigliamento-e-sicurezza-lavoro\/abbigliamento-da-lavoro\/giacche\/giacca-in-maglia-con-softshell-blaklader-59422536\/","title":{"rendered":"Giacca in maglia con softshell Blaklader 59422536"},"content":{"rendered":"","protected":false},"excerpt":{"rendered":"<div class=\"MuiGrid-root MuiGrid-item MuiGrid-grid-xs-12 css-1k6yhaw\">\n<div class=\"jss65 MuiBox-root css-0\">Giacca in maglia con collo alto. Questa giacca \u00e8 realizzata con un tessuto unico che pu\u00f2 essere descritto al meglio come pile tridimensionale. Il tessuto spazzolato conferisce alla giacca il suo aspetto 3D, morbidezza, elasticit\u00e0 e calore quando \u00e8 pi\u00f9 necessario. La giacca \u00e8 rinforzata con materiale softshell nelle parti pi\u00f9 soggette a usura. E&#8217; perfetta per essere personalizzata con il logo della tua azienda ed \u00e8 adatta sia per il lavoro che per il tempo libero. Disponibile anche nella versione donna 5943.<\/div>\n<\/div>\n","protected":false},"featured_media":19062,"template":"","meta":[],"product_cat":[5992,4116],"product_tag":[],"brands":[{"id":4114,"name":"Blakl\u00e4der","slug":"blaklaeder-it"}],"yoast_head":"<!-- This site is optimized with the Yoast SEO plugin v16.5 - https:\/\/yoast.com\/wordpress\/plugins\/seo\/ -->\n<title>Giacca in maglia con softshell Blaklader 59422536 Blakl\u00e4der &bull; Blaklader, Giacche da Blaas<\/title>\n<meta name=\"description\" content=\"Giacca in maglia con softshell Blaklader 59422536 Blaklader, Giacche da Blaas. Prezzi migliori per prodottiBlakl\u00e4der! Blakl\u00e4der Giacca in maglia con softshell Blaklader 59422536\" \/>\n<meta name=\"robots\" content=\"index, follow, max-snippet:-1, max-image-preview:large, max-video-preview:-1\" \/>\n<link rel=\"canonical\" href=\"https:\/\/www.blaas.it\/it\/prodotto\/catalogo\/abbigliamento-e-sicurezza-lavoro\/abbigliamento-da-lavoro\/giacche\/giacca-in-maglia-con-softshell-blaklader-59422536\/\" \/>\n<meta property=\"og:locale\" content=\"it_IT\" \/>\n<meta property=\"og:type\" content=\"article\" \/>\n<meta property=\"og:title\" content=\"Giacca in maglia con softshell Blaklader 59422536 Blakl\u00e4der &bull; Blaklader, Giacche da Blaas\" \/>\n<meta property=\"og:description\" content=\"Giacca in maglia con softshell Blaklader 59422536 Blaklader, Giacche da Blaas. Prezzi migliori per prodottiBlakl\u00e4der! Blakl\u00e4der Giacca in maglia con softshell Blaklader 59422536\" \/>\n<meta property=\"og:url\" content=\"https:\/\/www.blaas.it\/it\/prodotto\/catalogo\/abbigliamento-e-sicurezza-lavoro\/abbigliamento-da-lavoro\/giacche\/giacca-in-maglia-con-softshell-blaklader-59422536\/\" \/>\n<meta property=\"og:site_name\" content=\"Blaas\" \/>\n<meta property=\"article:modified_time\" content=\"2023-03-21T12:13:07+00:00\" \/>\n<meta property=\"og:image\" content=\"https:\/\/www.blaas.it\/wp-content\/uploads\/2023\/03\/59422536.jpg\" \/>\n\t<meta property=\"og:image:width\" content=\"1000\" \/>\n\t<meta property=\"og:image:height\" content=\"1250\" \/>\n<meta name=\"twitter:card\" content=\"summary_large_image\" \/>\n<script type=\"application\/ld+json\" class=\"yoast-schema-graph\">{\"@context\":\"https:\/\/schema.org\",\"@graph\":[{\"@type\":\"Organization\",\"@id\":\"https:\/\/www.blaas.it\/#organization\",\"name\":\"Gebr. Blaas Gmbh\",\"url\":\"https:\/\/www.blaas.it\/\",\"sameAs\":[],\"logo\":{\"@type\":\"ImageObject\",\"@id\":\"https:\/\/www.blaas.it\/#logo\",\"inLanguage\":\"it-IT\",\"url\":\"https:\/\/www.blaas.it\/wp-content\/uploads\/2019\/03\/LOGOS_BLAAS.png\",\"contentUrl\":\"https:\/\/www.blaas.it\/wp-content\/uploads\/2019\/03\/LOGOS_BLAAS.png\",\"width\":1200,\"height\":411,\"caption\":\"Gebr. Blaas Gmbh\"},\"image\":{\"@id\":\"https:\/\/www.blaas.it\/#logo\"}},{\"@type\":\"WebSite\",\"@id\":\"https:\/\/www.blaas.it\/#website\",\"url\":\"https:\/\/www.blaas.it\/\",\"name\":\"Blaas\",\"description\":\"Per il cantiere\",\"publisher\":{\"@id\":\"https:\/\/www.blaas.it\/#organization\"},\"potentialAction\":[{\"@type\":\"SearchAction\",\"target\":\"https:\/\/www.blaas.it\/?s={search_term_string}\",\"query-input\":\"required name=search_term_string\"}],\"inLanguage\":\"it-IT\"},{\"@type\":\"ImageObject\",\"@id\":\"https:\/\/www.blaas.it\/it\/prodotto\/catalogo\/abbigliamento-e-sicurezza-lavoro\/abbigliamento-da-lavoro\/giacche\/giacca-in-maglia-con-softshell-blaklader-59422536\/#primaryimage\",\"inLanguage\":\"it-IT\",\"url\":\"https:\/\/www.blaas.it\/wp-content\/uploads\/2023\/03\/59422536.jpg\",\"contentUrl\":\"https:\/\/www.blaas.it\/wp-content\/uploads\/2023\/03\/59422536.jpg\",\"width\":1000,\"height\":1250},{\"@type\":\"WebPage\",\"@id\":\"https:\/\/www.blaas.it\/it\/prodotto\/catalogo\/abbigliamento-e-sicurezza-lavoro\/abbigliamento-da-lavoro\/giacche\/giacca-in-maglia-con-softshell-blaklader-59422536\/#webpage\",\"url\":\"https:\/\/www.blaas.it\/it\/prodotto\/catalogo\/abbigliamento-e-sicurezza-lavoro\/abbigliamento-da-lavoro\/giacche\/giacca-in-maglia-con-softshell-blaklader-59422536\/\",\"name\":\"Giacca in maglia con softshell Blaklader 59422536 Blakl\\u00e4der &bull; Blaklader, Giacche da Blaas\",\"isPartOf\":{\"@id\":\"https:\/\/www.blaas.it\/#website\"},\"primaryImageOfPage\":{\"@id\":\"https:\/\/www.blaas.it\/it\/prodotto\/catalogo\/abbigliamento-e-sicurezza-lavoro\/abbigliamento-da-lavoro\/giacche\/giacca-in-maglia-con-softshell-blaklader-59422536\/#primaryimage\"},\"datePublished\":\"2023-03-21T12:06:41+00:00\",\"dateModified\":\"2023-03-21T12:13:07+00:00\",\"description\":\"Giacca in maglia con softshell Blaklader 59422536 Blaklader, Giacche da Blaas. Prezzi migliori per prodottiBlakl\\u00e4der! Blakl\\u00e4der Giacca in maglia con softshell Blaklader 59422536\",\"breadcrumb\":{\"@id\":\"https:\/\/www.blaas.it\/it\/prodotto\/catalogo\/abbigliamento-e-sicurezza-lavoro\/abbigliamento-da-lavoro\/giacche\/giacca-in-maglia-con-softshell-blaklader-59422536\/#breadcrumb\"},\"inLanguage\":\"it-IT\",\"potentialAction\":[{\"@type\":\"ReadAction\",\"target\":[\"https:\/\/www.blaas.it\/it\/prodotto\/catalogo\/abbigliamento-e-sicurezza-lavoro\/abbigliamento-da-lavoro\/giacche\/giacca-in-maglia-con-softshell-blaklader-59422536\/\"]}]},{\"@type\":\"BreadcrumbList\",\"@id\":\"https:\/\/www.blaas.it\/it\/prodotto\/catalogo\/abbigliamento-e-sicurezza-lavoro\/abbigliamento-da-lavoro\/giacche\/giacca-in-maglia-con-softshell-blaklader-59422536\/#breadcrumb\",\"itemListElement\":[{\"@type\":\"ListItem\",\"position\":1,\"name\":\"Home\",\"item\":\"https:\/\/www.blaas.it\/it\/\"},{\"@type\":\"ListItem\",\"position\":2,\"name\":\"Prodotti\",\"item\":\"https:\/\/www.blaas.it\/produkte\/\"},{\"@type\":\"ListItem\",\"position\":3,\"name\":\"Catalogo prodotti\",\"item\":\"https:\/\/www.blaas.it\/it\/prodotti\/catalogo\/\"},{\"@type\":\"ListItem\",\"position\":4,\"name\":\"Abbigliamento e sicurezza lavoro\",\"item\":\"https:\/\/www.blaas.it\/it\/prodotti\/catalogo\/abbigliamento-e-sicurezza-lavoro\/\"},{\"@type\":\"ListItem\",\"position\":5,\"name\":\"Abbigliamento da lavoro\",\"item\":\"https:\/\/www.blaas.it\/it\/prodotti\/catalogo\/abbigliamento-e-sicurezza-lavoro\/abbigliamento-da-lavoro\/\"},{\"@type\":\"ListItem\",\"position\":6,\"name\":\"Blaklader\",\"item\":\"https:\/\/www.blaas.it\/it\/prodotti\/catalogo\/abbigliamento-e-sicurezza-lavoro\/abbigliamento-da-lavoro\/blaklader-it\/\"},{\"@type\":\"ListItem\",\"position\":7,\"name\":\"Giacca in maglia con softshell Blaklader 59422536\"}]}]}<\/script>\n<!-- \/ Yoast SEO plugin. -->","_links":{"self":[{"href":"https:\/\/www.blaas.it\/it\/wp-json\/wp\/v2\/product\/19046"}],"collection":[{"href":"https:\/\/www.blaas.it\/it\/wp-json\/wp\/v2\/product"}],"about":[{"href":"https:\/\/www.blaas.it\/it\/wp-json\/wp\/v2\/types\/product"}],"wp:featuredmedia":[{"embeddable":true,"href":"https:\/\/www.blaas.it\/it\/wp-json\/wp\/v2\/media\/19062"}],"wp:attachment":[{"href":"https:\/\/www.blaas.it\/it\/wp-json\/wp\/v2\/media?parent=19046"}],"wp:term":[{"taxonomy":"product_cat","embeddable":true,"href":"https:\/\/www.blaas.it\/it\/wp-json\/wp\/v2\/product_cat?post=19046"},{"taxonomy":"product_tag","embeddable":true,"href":"https:\/\/www.blaas.it\/it\/wp-json\/wp\/v2\/product_tag?post=19046"}],"curies":[{"name":"wp","href":"https:\/\/api.w.org\/{rel}","templated":true}]}}