{"id":8043,"date":"2020-04-09T08:10:04","date_gmt":"2020-04-09T06:10:05","guid":{"rendered":"https:\/\/www.blaas.it\/?post_type=product&#038;p=8043"},"modified":"2020-04-09T08:12:17","modified_gmt":"2020-04-09T06:12:17","slug":"mascherina-in-tessuto-non-tessuto-730-newtec-ffp3","status":"publish","type":"product","link":"https:\/\/www.blaas.it\/it\/prodotto\/catalogo\/abbigliamento-e-sicurezza-lavoro\/sicurezza-lavoro-it-2\/protezione-respiratoria\/mascherina-in-tessuto-non-tessuto-730-newtec-ffp3\/","title":{"rendered":"Mascherina in tessuto non tessuto 730 NEWTEC FFP3"},"content":{"rendered":"","protected":false},"excerpt":{"rendered":"<ul id=\"yui_patched_v3_11_0_2_1586412585700_189\">\n<li id=\"yui_patched_v3_11_0_2_1586412585700_188\">Protezione da aerosol solidi o liquidi senza tossicit\u00e0 specifica, a bassa tossicit\u00e0 e ad alta tossicit\u00e0, in concentrazione fino a 50 x limite di esposizione<\/li>\n<li id=\"yui_patched_v3_11_0_2_1586412585700_190\">Con innovativa valvola di espirazione Newtec\u00ae<\/li>\n<li id=\"yui_patched_v3_11_0_2_1586412585700_191\">Morbido ponte\u00a0nasale<\/li>\n<li id=\"yui_patched_v3_11_0_2_1586412585700_192\">Guarnizione di tenuta lungo tutto il bordo facciale<\/li>\n<li id=\"yui_patched_v3_11_0_2_1586412585700_193\">Peso g 22 circa<\/li>\n<\/ul>\n<ul id=\"yui_patched_v3_11_0_2_1586412585700_195\">\n<li id=\"yui_patched_v3_11_0_2_1586412585700_194\">Colore: bianco<\/li>\n<\/ul>\n","protected":false},"featured_media":8045,"template":"","meta":[],"product_cat":[510],"product_tag":[],"brands":[{"id":145,"name":"Blaas","slug":"blaas-it"}],"yoast_head":"<!-- This site is optimized with the Yoast SEO plugin v16.5 - https:\/\/yoast.com\/wordpress\/plugins\/seo\/ -->\n<title>Mascherina in tessuto non tessuto 730 NEWTEC FFP3 Blaas &bull; Protezione respiratoria da Blaas<\/title>\n<meta name=\"description\" content=\"Mascherina in tessuto non tessuto 730 NEWTEC FFP3 Protezione respiratoria da Blaas. Prezzi migliori per prodottiBlaas! Blaas Mascherina in tessuto non tessuto 730 NEWTEC FFP3\" \/>\n<meta name=\"robots\" content=\"index, follow, max-snippet:-1, max-image-preview:large, max-video-preview:-1\" \/>\n<link rel=\"canonical\" href=\"https:\/\/www.blaas.it\/it\/prodotto\/catalogo\/abbigliamento-e-sicurezza-lavoro\/sicurezza-lavoro-it-2\/protezione-respiratoria\/mascherina-in-tessuto-non-tessuto-730-newtec-ffp3\/\" \/>\n<meta property=\"og:locale\" content=\"it_IT\" \/>\n<meta property=\"og:type\" content=\"article\" \/>\n<meta property=\"og:title\" content=\"Mascherina in tessuto non tessuto 730 NEWTEC FFP3 Blaas &bull; Protezione respiratoria da Blaas\" \/>\n<meta property=\"og:description\" content=\"Mascherina in tessuto non tessuto 730 NEWTEC FFP3 Protezione respiratoria da Blaas. Prezzi migliori per prodottiBlaas! Blaas Mascherina in tessuto non tessuto 730 NEWTEC FFP3\" \/>\n<meta property=\"og:url\" content=\"https:\/\/www.blaas.it\/it\/prodotto\/catalogo\/abbigliamento-e-sicurezza-lavoro\/sicurezza-lavoro-it-2\/protezione-respiratoria\/mascherina-in-tessuto-non-tessuto-730-newtec-ffp3\/\" \/>\n<meta property=\"og:site_name\" content=\"Blaas\" \/>\n<meta property=\"article:modified_time\" content=\"2020-04-09T06:12:17+00:00\" \/>\n<meta property=\"og:image\" content=\"https:\/\/www.blaas.it\/wp-content\/uploads\/2020\/04\/HD_2X_151126-1.jpg\" \/>\n\t<meta property=\"og:image:width\" content=\"1000\" \/>\n\t<meta property=\"og:image:height\" content=\"1000\" \/>\n<meta name=\"twitter:card\" content=\"summary_large_image\" \/>\n<script type=\"application\/ld+json\" class=\"yoast-schema-graph\">{\"@context\":\"https:\/\/schema.org\",\"@graph\":[{\"@type\":\"Organization\",\"@id\":\"https:\/\/www.blaas.it\/#organization\",\"name\":\"Gebr. Blaas Gmbh\",\"url\":\"https:\/\/www.blaas.it\/\",\"sameAs\":[],\"logo\":{\"@type\":\"ImageObject\",\"@id\":\"https:\/\/www.blaas.it\/#logo\",\"inLanguage\":\"it-IT\",\"url\":\"https:\/\/www.blaas.it\/wp-content\/uploads\/2019\/03\/LOGOS_BLAAS.png\",\"contentUrl\":\"https:\/\/www.blaas.it\/wp-content\/uploads\/2019\/03\/LOGOS_BLAAS.png\",\"width\":1200,\"height\":411,\"caption\":\"Gebr. Blaas Gmbh\"},\"image\":{\"@id\":\"https:\/\/www.blaas.it\/#logo\"}},{\"@type\":\"WebSite\",\"@id\":\"https:\/\/www.blaas.it\/#website\",\"url\":\"https:\/\/www.blaas.it\/\",\"name\":\"Blaas\",\"description\":\"Per il cantiere\",\"publisher\":{\"@id\":\"https:\/\/www.blaas.it\/#organization\"},\"potentialAction\":[{\"@type\":\"SearchAction\",\"target\":\"https:\/\/www.blaas.it\/?s={search_term_string}\",\"query-input\":\"required name=search_term_string\"}],\"inLanguage\":\"it-IT\"},{\"@type\":\"ImageObject\",\"@id\":\"https:\/\/www.blaas.it\/it\/prodotto\/catalogo\/abbigliamento-e-sicurezza-lavoro\/sicurezza-lavoro-it-2\/protezione-respiratoria\/mascherina-in-tessuto-non-tessuto-730-newtec-ffp3\/#primaryimage\",\"inLanguage\":\"it-IT\",\"url\":\"https:\/\/www.blaas.it\/wp-content\/uploads\/2020\/04\/HD_2X_151126-1.jpg\",\"contentUrl\":\"https:\/\/www.blaas.it\/wp-content\/uploads\/2020\/04\/HD_2X_151126-1.jpg\",\"width\":1000,\"height\":1000},{\"@type\":\"WebPage\",\"@id\":\"https:\/\/www.blaas.it\/it\/prodotto\/catalogo\/abbigliamento-e-sicurezza-lavoro\/sicurezza-lavoro-it-2\/protezione-respiratoria\/mascherina-in-tessuto-non-tessuto-730-newtec-ffp3\/#webpage\",\"url\":\"https:\/\/www.blaas.it\/it\/prodotto\/catalogo\/abbigliamento-e-sicurezza-lavoro\/sicurezza-lavoro-it-2\/protezione-respiratoria\/mascherina-in-tessuto-non-tessuto-730-newtec-ffp3\/\",\"name\":\"Mascherina in tessuto non tessuto 730 NEWTEC FFP3 Blaas &bull; Protezione respiratoria da Blaas\",\"isPartOf\":{\"@id\":\"https:\/\/www.blaas.it\/#website\"},\"primaryImageOfPage\":{\"@id\":\"https:\/\/www.blaas.it\/it\/prodotto\/catalogo\/abbigliamento-e-sicurezza-lavoro\/sicurezza-lavoro-it-2\/protezione-respiratoria\/mascherina-in-tessuto-non-tessuto-730-newtec-ffp3\/#primaryimage\"},\"datePublished\":\"2020-04-09T06:10:05+00:00\",\"dateModified\":\"2020-04-09T06:12:17+00:00\",\"description\":\"Mascherina in tessuto non tessuto 730 NEWTEC FFP3 Protezione respiratoria da Blaas. Prezzi migliori per prodottiBlaas! Blaas Mascherina in tessuto non tessuto 730 NEWTEC FFP3\",\"breadcrumb\":{\"@id\":\"https:\/\/www.blaas.it\/it\/prodotto\/catalogo\/abbigliamento-e-sicurezza-lavoro\/sicurezza-lavoro-it-2\/protezione-respiratoria\/mascherina-in-tessuto-non-tessuto-730-newtec-ffp3\/#breadcrumb\"},\"inLanguage\":\"it-IT\",\"potentialAction\":[{\"@type\":\"ReadAction\",\"target\":[\"https:\/\/www.blaas.it\/it\/prodotto\/catalogo\/abbigliamento-e-sicurezza-lavoro\/sicurezza-lavoro-it-2\/protezione-respiratoria\/mascherina-in-tessuto-non-tessuto-730-newtec-ffp3\/\"]}]},{\"@type\":\"BreadcrumbList\",\"@id\":\"https:\/\/www.blaas.it\/it\/prodotto\/catalogo\/abbigliamento-e-sicurezza-lavoro\/sicurezza-lavoro-it-2\/protezione-respiratoria\/mascherina-in-tessuto-non-tessuto-730-newtec-ffp3\/#breadcrumb\",\"itemListElement\":[{\"@type\":\"ListItem\",\"position\":1,\"name\":\"Home\",\"item\":\"https:\/\/www.blaas.it\/it\/\"},{\"@type\":\"ListItem\",\"position\":2,\"name\":\"Prodotti\",\"item\":\"https:\/\/www.blaas.it\/produkte\/\"},{\"@type\":\"ListItem\",\"position\":3,\"name\":\"Catalogo prodotti\",\"item\":\"https:\/\/www.blaas.it\/it\/prodotti\/catalogo\/\"},{\"@type\":\"ListItem\",\"position\":4,\"name\":\"Abbigliamento e sicurezza lavoro\",\"item\":\"https:\/\/www.blaas.it\/it\/prodotti\/catalogo\/abbigliamento-e-sicurezza-lavoro\/\"},{\"@type\":\"ListItem\",\"position\":5,\"name\":\"Sicurezza lavoro\",\"item\":\"https:\/\/www.blaas.it\/it\/prodotti\/catalogo\/abbigliamento-e-sicurezza-lavoro\/sicurezza-lavoro-it-2\/\"},{\"@type\":\"ListItem\",\"position\":6,\"name\":\"Protezione respiratoria\",\"item\":\"https:\/\/www.blaas.it\/it\/prodotti\/catalogo\/abbigliamento-e-sicurezza-lavoro\/sicurezza-lavoro-it-2\/protezione-respiratoria\/\"},{\"@type\":\"ListItem\",\"position\":7,\"name\":\"Mascherina in tessuto non tessuto 730 NEWTEC FFP3\"}]}]}<\/script>\n<!-- \/ Yoast SEO plugin. -->","_links":{"self":[{"href":"https:\/\/www.blaas.it\/it\/wp-json\/wp\/v2\/product\/8043"}],"collection":[{"href":"https:\/\/www.blaas.it\/it\/wp-json\/wp\/v2\/product"}],"about":[{"href":"https:\/\/www.blaas.it\/it\/wp-json\/wp\/v2\/types\/product"}],"wp:featuredmedia":[{"embeddable":true,"href":"https:\/\/www.blaas.it\/it\/wp-json\/wp\/v2\/media\/8045"}],"wp:attachment":[{"href":"https:\/\/www.blaas.it\/it\/wp-json\/wp\/v2\/media?parent=8043"}],"wp:term":[{"taxonomy":"product_cat","embeddable":true,"href":"https:\/\/www.blaas.it\/it\/wp-json\/wp\/v2\/product_cat?post=8043"},{"taxonomy":"product_tag","embeddable":true,"href":"https:\/\/www.blaas.it\/it\/wp-json\/wp\/v2\/product_tag?post=8043"}],"curies":[{"name":"wp","href":"https:\/\/api.w.org\/{rel}","templated":true}]}}