{"id":8958,"date":"2020-04-10T09:53:36","date_gmt":"2020-04-10T07:53:39","guid":{"rendered":"https:\/\/www.blaas.it\/?post_type=product&#038;p=8958"},"modified":"2020-04-10T10:04:33","modified_gmt":"2020-04-10T08:04:33","slug":"pantaloni-senza-tasche-flottanti-blaklaeder","status":"publish","type":"product","link":"https:\/\/www.blaas.it\/it\/prodotto\/catalogo\/abbigliamento-e-sicurezza-lavoro\/abbigliamento-da-lavoro\/pantaloni\/pantaloni-senza-tasche-flottanti-blaklaeder\/","title":{"rendered":"Pantaloni senza tasche flottanti Blakl\u00e4der"},"content":{"rendered":"","protected":false},"excerpt":{"rendered":"<p>Pantaloni artigiano comodi e funzionali con tasche facilmente accessibili, inclusa la tasca porta cellulare in tessuto stretch, adatta alla maggior parte dei cellulari. Tasche di protezione per ginocchia in tessuto CORDURA\u00ae stretch per un&#8217;ottima vestibilit\u00e0 e resistenza. Due tasche posteriori con apertura a soffietto ed a strappo per il supporto per martello, oltre alla tasca rinforzata porta metro a stecca, alla tasca porta penne ed al supporto per cutter. Gambe pre-sagomate per una vestibilit\u00e0 eccellente.   <\/p>\n","protected":false},"featured_media":8965,"template":"","meta":[],"product_cat":[4143],"product_tag":[],"brands":[{"id":4114,"name":"Blakl\u00e4der","slug":"blaklaeder-it"}],"yoast_head":"<!-- This site is optimized with the Yoast SEO plugin v16.5 - https:\/\/yoast.com\/wordpress\/plugins\/seo\/ -->\n<title>Pantaloni senza tasche flottanti Blakl\u00e4der Blakl\u00e4der &bull; Pantaloni da Blaas<\/title>\n<meta name=\"description\" content=\"Pantaloni senza tasche flottanti Blakl\u00e4der Pantaloni da Blaas. Prezzi migliori per prodottiBlakl\u00e4der! Blakl\u00e4der Pantaloni senza tasche flottanti Blakl\u00e4der\" \/>\n<meta name=\"robots\" content=\"index, follow, max-snippet:-1, max-image-preview:large, max-video-preview:-1\" \/>\n<link rel=\"canonical\" href=\"https:\/\/www.blaas.it\/it\/prodotto\/catalogo\/abbigliamento-e-sicurezza-lavoro\/abbigliamento-da-lavoro\/pantaloni\/pantaloni-senza-tasche-flottanti-blaklaeder\/\" \/>\n<meta property=\"og:locale\" content=\"it_IT\" \/>\n<meta property=\"og:type\" content=\"article\" \/>\n<meta property=\"og:title\" content=\"Pantaloni senza tasche flottanti Blakl\u00e4der Blakl\u00e4der &bull; Pantaloni da Blaas\" \/>\n<meta property=\"og:description\" content=\"Pantaloni senza tasche flottanti Blakl\u00e4der Pantaloni da Blaas. Prezzi migliori per prodottiBlakl\u00e4der! Blakl\u00e4der Pantaloni senza tasche flottanti Blakl\u00e4der\" \/>\n<meta property=\"og:url\" content=\"https:\/\/www.blaas.it\/it\/prodotto\/catalogo\/abbigliamento-e-sicurezza-lavoro\/abbigliamento-da-lavoro\/pantaloni\/pantaloni-senza-tasche-flottanti-blaklaeder\/\" \/>\n<meta property=\"og:site_name\" content=\"Blaas\" \/>\n<meta property=\"article:modified_time\" content=\"2020-04-10T08:04:33+00:00\" \/>\n<meta property=\"og:image\" content=\"https:\/\/www.blaas.it\/wp-content\/uploads\/2020\/04\/155618609499.jpg\" \/>\n\t<meta property=\"og:image:width\" content=\"265\" \/>\n\t<meta property=\"og:image:height\" content=\"265\" \/>\n<meta name=\"twitter:card\" content=\"summary_large_image\" \/>\n<script type=\"application\/ld+json\" class=\"yoast-schema-graph\">{\"@context\":\"https:\/\/schema.org\",\"@graph\":[{\"@type\":\"Organization\",\"@id\":\"https:\/\/www.blaas.it\/#organization\",\"name\":\"Gebr. Blaas Gmbh\",\"url\":\"https:\/\/www.blaas.it\/\",\"sameAs\":[],\"logo\":{\"@type\":\"ImageObject\",\"@id\":\"https:\/\/www.blaas.it\/#logo\",\"inLanguage\":\"it-IT\",\"url\":\"https:\/\/www.blaas.it\/wp-content\/uploads\/2019\/03\/LOGOS_BLAAS.png\",\"contentUrl\":\"https:\/\/www.blaas.it\/wp-content\/uploads\/2019\/03\/LOGOS_BLAAS.png\",\"width\":1200,\"height\":411,\"caption\":\"Gebr. Blaas Gmbh\"},\"image\":{\"@id\":\"https:\/\/www.blaas.it\/#logo\"}},{\"@type\":\"WebSite\",\"@id\":\"https:\/\/www.blaas.it\/#website\",\"url\":\"https:\/\/www.blaas.it\/\",\"name\":\"Blaas\",\"description\":\"Per il cantiere\",\"publisher\":{\"@id\":\"https:\/\/www.blaas.it\/#organization\"},\"potentialAction\":[{\"@type\":\"SearchAction\",\"target\":\"https:\/\/www.blaas.it\/?s={search_term_string}\",\"query-input\":\"required name=search_term_string\"}],\"inLanguage\":\"it-IT\"},{\"@type\":\"ImageObject\",\"@id\":\"https:\/\/www.blaas.it\/it\/prodotto\/catalogo\/abbigliamento-e-sicurezza-lavoro\/abbigliamento-da-lavoro\/pantaloni\/pantaloni-senza-tasche-flottanti-blaklaeder\/#primaryimage\",\"inLanguage\":\"it-IT\",\"url\":\"https:\/\/www.blaas.it\/wp-content\/uploads\/2020\/04\/155618609499.jpg\",\"contentUrl\":\"https:\/\/www.blaas.it\/wp-content\/uploads\/2020\/04\/155618609499.jpg\",\"width\":265,\"height\":265},{\"@type\":\"WebPage\",\"@id\":\"https:\/\/www.blaas.it\/it\/prodotto\/catalogo\/abbigliamento-e-sicurezza-lavoro\/abbigliamento-da-lavoro\/pantaloni\/pantaloni-senza-tasche-flottanti-blaklaeder\/#webpage\",\"url\":\"https:\/\/www.blaas.it\/it\/prodotto\/catalogo\/abbigliamento-e-sicurezza-lavoro\/abbigliamento-da-lavoro\/pantaloni\/pantaloni-senza-tasche-flottanti-blaklaeder\/\",\"name\":\"Pantaloni senza tasche flottanti Blakl\\u00e4der Blakl\\u00e4der &bull; Pantaloni da Blaas\",\"isPartOf\":{\"@id\":\"https:\/\/www.blaas.it\/#website\"},\"primaryImageOfPage\":{\"@id\":\"https:\/\/www.blaas.it\/it\/prodotto\/catalogo\/abbigliamento-e-sicurezza-lavoro\/abbigliamento-da-lavoro\/pantaloni\/pantaloni-senza-tasche-flottanti-blaklaeder\/#primaryimage\"},\"datePublished\":\"2020-04-10T07:53:39+00:00\",\"dateModified\":\"2020-04-10T08:04:33+00:00\",\"description\":\"Pantaloni senza tasche flottanti Blakl\\u00e4der Pantaloni da Blaas. Prezzi migliori per prodottiBlakl\\u00e4der! Blakl\\u00e4der Pantaloni senza tasche flottanti Blakl\\u00e4der\",\"breadcrumb\":{\"@id\":\"https:\/\/www.blaas.it\/it\/prodotto\/catalogo\/abbigliamento-e-sicurezza-lavoro\/abbigliamento-da-lavoro\/pantaloni\/pantaloni-senza-tasche-flottanti-blaklaeder\/#breadcrumb\"},\"inLanguage\":\"it-IT\",\"potentialAction\":[{\"@type\":\"ReadAction\",\"target\":[\"https:\/\/www.blaas.it\/it\/prodotto\/catalogo\/abbigliamento-e-sicurezza-lavoro\/abbigliamento-da-lavoro\/pantaloni\/pantaloni-senza-tasche-flottanti-blaklaeder\/\"]}]},{\"@type\":\"BreadcrumbList\",\"@id\":\"https:\/\/www.blaas.it\/it\/prodotto\/catalogo\/abbigliamento-e-sicurezza-lavoro\/abbigliamento-da-lavoro\/pantaloni\/pantaloni-senza-tasche-flottanti-blaklaeder\/#breadcrumb\",\"itemListElement\":[{\"@type\":\"ListItem\",\"position\":1,\"name\":\"Home\",\"item\":\"https:\/\/www.blaas.it\/it\/\"},{\"@type\":\"ListItem\",\"position\":2,\"name\":\"Prodotti\",\"item\":\"https:\/\/www.blaas.it\/produkte\/\"},{\"@type\":\"ListItem\",\"position\":3,\"name\":\"Catalogo prodotti\",\"item\":\"https:\/\/www.blaas.it\/it\/prodotti\/catalogo\/\"},{\"@type\":\"ListItem\",\"position\":4,\"name\":\"Abbigliamento e sicurezza lavoro\",\"item\":\"https:\/\/www.blaas.it\/it\/prodotti\/catalogo\/abbigliamento-e-sicurezza-lavoro\/\"},{\"@type\":\"ListItem\",\"position\":5,\"name\":\"Abbigliamento da lavoro\",\"item\":\"https:\/\/www.blaas.it\/it\/prodotti\/catalogo\/abbigliamento-e-sicurezza-lavoro\/abbigliamento-da-lavoro\/\"},{\"@type\":\"ListItem\",\"position\":6,\"name\":\"Pantaloni\",\"item\":\"https:\/\/www.blaas.it\/it\/prodotti\/catalogo\/abbigliamento-e-sicurezza-lavoro\/abbigliamento-da-lavoro\/pantaloni\/\"},{\"@type\":\"ListItem\",\"position\":7,\"name\":\"Pantaloni senza tasche flottanti Blakl\\u00e4der\"}]}]}<\/script>\n<!-- \/ Yoast SEO plugin. -->","_links":{"self":[{"href":"https:\/\/www.blaas.it\/it\/wp-json\/wp\/v2\/product\/8958"}],"collection":[{"href":"https:\/\/www.blaas.it\/it\/wp-json\/wp\/v2\/product"}],"about":[{"href":"https:\/\/www.blaas.it\/it\/wp-json\/wp\/v2\/types\/product"}],"wp:featuredmedia":[{"embeddable":true,"href":"https:\/\/www.blaas.it\/it\/wp-json\/wp\/v2\/media\/8965"}],"wp:attachment":[{"href":"https:\/\/www.blaas.it\/it\/wp-json\/wp\/v2\/media?parent=8958"}],"wp:term":[{"taxonomy":"product_cat","embeddable":true,"href":"https:\/\/www.blaas.it\/it\/wp-json\/wp\/v2\/product_cat?post=8958"},{"taxonomy":"product_tag","embeddable":true,"href":"https:\/\/www.blaas.it\/it\/wp-json\/wp\/v2\/product_tag?post=8958"}],"curies":[{"name":"wp","href":"https:\/\/api.w.org\/{rel}","templated":true}]}}